{"id":7985,"date":"2025-07-31T15:36:04","date_gmt":"2025-07-31T15:36:04","guid":{"rendered":"http:\/\/bergerie.plune.fr\/faq\/"},"modified":"2025-08-19T12:27:52","modified_gmt":"2025-08-19T12:27:52","slug":"faq","status":"publish","type":"page","link":"https:\/\/www.domainelabergerie.com\/nl\/faq\/","title":{"rendered":"FAQ"},"content":{"rendered":"\n<div class=\"wp-block-group has-global-padding is-layout-constrained wp-block-group-is-layout-constrained\" style=\"min-height:2px;margin-bottom:var(--wp--preset--spacing--xxl)\">\n\n\n\n\t<script type=\"text\/javascript\">\n\t\tvar swiperOptionsStudio_swiper_69f18d7b33c70 = {\n  createElements: true,\n  slidesPerView: 1,\n  spaceBetween: 0,\n  navigation: { \n    enabled: false,\n  },\n  effect: \"fade\",\n  fadeEffect: {\n    crossFade: true,\n  },\n  pagination: {\n    enabled: false,\n  },\n  autoplay: {\n   delay: 5000,\n   disableOnInteraction: false,\n  },\n  loop: true,\nspeed: 1000\n};\n\t<\/script>\n\n\n\n\n<div id=\"swiper_69f18d7b33c70\" class=\"swiper alignfull scale wp-block-plune-blocks-slider\" data-swiper=\"{&quot;autoplay&quot;:true,&quot;navigation&quot;:false,&quot;pagination&quot;:false,&quot;slidesPerView&quot;:2}\"data-module=\"default\">\n\t<div class=\"swiper-wrapper\">\n\t\t\n\n<div class=\"wp-block-cover aligncenter swiper-slide has-aspect-ratio\" style=\"min-height:400px;aspect-ratio:2.66;min-height:unset;\"><img alt=\"\" decoding=\"async\" width=\"1024\" height=\"683\" class=\"wp-block-cover__image-background wp-image-5368 size-large\" alt=\"\" src=\"https:\/\/www.domainelabergerie.com\/wp-content\/uploads\/2025\/08\/FAQ-Bergerie-1024x683.webp\" style=\"object-position:50% 18%\" data-object-fit=\"cover\" data-object-position=\"50% 18%\" srcset=\"https:\/\/www.domainelabergerie.com\/wp-content\/uploads\/2025\/08\/FAQ-Bergerie-1024x683.webp 1024w, https:\/\/www.domainelabergerie.com\/wp-content\/uploads\/2025\/08\/FAQ-Bergerie-300x200.webp 300w, https:\/\/www.domainelabergerie.com\/wp-content\/uploads\/2025\/08\/FAQ-Bergerie-768x512.webp 768w, https:\/\/www.domainelabergerie.com\/wp-content\/uploads\/2025\/08\/FAQ-Bergerie-1536x1024.webp 1536w, https:\/\/www.domainelabergerie.com\/wp-content\/uploads\/2025\/08\/FAQ-Bergerie-2048x1365.webp 2048w\" sizes=\"(max-width: 1024px) 100vw, 1024px\" \/><span aria-hidden=\"true\" class=\"wp-block-cover__background has-background-dim-10 has-background-dim\"><\/span><div class=\"wp-block-cover__inner-container has-global-padding is-layout-constrained wp-block-cover-is-layout-constrained\">\n<div class=\"wp-block-group alignwide has-global-padding is-layout-constrained wp-container-core-group-is-layout-eb740263 wp-block-group-is-layout-constrained\" style=\"padding-top:var(--wp--preset--spacing--xs);padding-right:var(--wp--preset--spacing--s);padding-bottom:var(--wp--preset--spacing--xs);padding-left:var(--wp--preset--spacing--s)\">\n<p class=\"has-text-align-center is-style-default has-white-color has-text-color has-link-color has-secondary-font-family has-xxl-font-size wp-elements-afc83b93fe9360181eb3148dab46fcb4\" style=\"--m-a:center\">Domaine de la Bergerie<\/p>\n\n\n\n<p class=\"has-text-align-center has-white-color has-text-color has-link-color has-secondary-font-family has-xl-font-size wp-elements-f64642c56c9cbeef6cfa87a124eff000\" style=\"margin-top:0;margin-bottom:0;--m-a:center\"><em><em><em>Veelgestelde vragen<\/em><\/em><\/em><\/p>\n<\/div>\n<\/div><\/div>\n\n\n\n<div class=\"wp-block-cover aligncenter is-light swiper-slide has-aspect-ratio\" style=\"min-height:400px;aspect-ratio:2.66;min-height:unset;\"><img alt=\"Camping familial avec animations dans le Var.\" decoding=\"async\" width=\"2000\" height=\"1335\" class=\"wp-block-cover__image-background wp-image-75\" alt=\"\" src=\"https:\/\/www.domainelabergerie.com\/wp-content\/uploads\/2025\/01\/DSC_0310.jpg\" style=\"object-position:47% 31%\" data-object-fit=\"cover\" data-object-position=\"47% 31%\" srcset=\"https:\/\/www.domainelabergerie.com\/wp-content\/uploads\/2025\/01\/DSC_0310.jpg 2000w, https:\/\/www.domainelabergerie.com\/wp-content\/uploads\/2025\/01\/DSC_0310-300x200.jpg 300w, https:\/\/www.domainelabergerie.com\/wp-content\/uploads\/2025\/01\/DSC_0310-1024x684.jpg 1024w, https:\/\/www.domainelabergerie.com\/wp-content\/uploads\/2025\/01\/DSC_0310-768x513.jpg 768w, https:\/\/www.domainelabergerie.com\/wp-content\/uploads\/2025\/01\/DSC_0310-1536x1025.jpg 1536w\" sizes=\"(max-width: 2000px) 100vw, 2000px\" \/><span aria-hidden=\"true\" class=\"wp-block-cover__background has-background-dim-10 has-background-dim\"><\/span><div class=\"wp-block-cover__inner-container has-global-padding is-layout-constrained wp-block-cover-is-layout-constrained\">\n<div class=\"wp-block-group alignwide has-global-padding is-layout-constrained wp-container-core-group-is-layout-eb740263 wp-block-group-is-layout-constrained\" style=\"padding-top:var(--wp--preset--spacing--xs);padding-right:var(--wp--preset--spacing--s);padding-bottom:var(--wp--preset--spacing--xs);padding-left:var(--wp--preset--spacing--s)\">\n<p class=\"has-text-align-center is-style-default has-white-color has-text-color has-link-color has-secondary-font-family has-xxl-font-size wp-elements-afc83b93fe9360181eb3148dab46fcb4\" style=\"--m-a:center\">Domaine de la Bergerie<\/p>\n\n\n\n<p class=\"has-text-align-center has-white-color has-text-color has-link-color has-secondary-font-family has-xl-font-size wp-elements-fa31a9ac6b92e7a3efacb3e6a0849ec6\" style=\"margin-top:0;margin-bottom:0;--m-a:center\"><em>Veelgestelde vragen<\/em><\/p>\n<\/div>\n<\/div><\/div>\n\n\t<\/div>\n<\/div><\/div>\n\n<div class=\"wp-block-group alignfull hrz-imagetext1 isNotOverflow bloc-1 positionnement-mobile overflow is-layout-flow wp-block-group-is-layout-flow\" style=\"margin-bottom:0;--positionnementtype:relative;--overflow:hidden\">\n<div class=\"wp-block-group alignfull anim_element_top has-global-padding is-content-justification-center is-layout-constrained wp-container-core-group-is-layout-6e9eaa6d wp-block-group-is-layout-constrained\" style=\"padding-top:var(--wp--preset--spacing--s);padding-right:var(--wp--preset--spacing--s);padding-bottom:var(--wp--preset--spacing--s);padding-left:var(--wp--preset--spacing--s)\">\n<h1 class=\"wp-block-plune-blocks-double-title text-align-center\"><span class=\"top has-black-color\">Veelgestelde vragen over uw verblijf<\/span><span class=\"bottom has-primary-color\"><em>op Domaine de la Bergerie<\/em><\/span><\/h1>\n<\/div>\n\n\n\n<div class=\"wp-block-group faq-base positionnement-mobile has-global-padding is-content-justification-center is-layout-constrained wp-container-core-group-is-layout-f40f6fcb wp-block-group-is-layout-constrained\" style=\"min-height:800px;margin-top:0;margin-bottom:0;padding-right:var(--wp--preset--spacing--s);padding-left:var(--wp--preset--spacing--s);--positionnementtype:relative\">\n<p class=\"has-text-align-center\" style=\"margin-bottom:var(--wp--preset--spacing--m);--m-a:center\">Heeft u een vraag over uw verblijf op <strong>camping Domaine de la Bergerie<\/strong>? Hier vind je antwoorden op de meest gestelde vragen. Bekijk deze pagina voordat je contact met ons opneemt: je vindt er zeker de informatie die je zoekt om je verblijf in Roquebrune-sur-Argens voor te bereiden.  <\/p>\n\n\n\n<div class=\"wp-block-group is-deco positionnement-mobile has-global-padding is-layout-constrained wp-container-core-group-is-layout-7db9d80f wp-block-group-is-layout-constrained\" style=\"padding-right:0;padding-left:0;--maxWidth:100vh;--positionnementtype:absolute;--positionnementtop:0px;--positionnementbottom:0px;--positionnementright:0px\">\n<figure class=\"wp-block-image size-full\"><img alt=\"\" decoding=\"async\" width=\"412\" height=\"957\" src=\"https:\/\/www.domainelabergerie.com\/wp-content\/uploads\/2025\/02\/Palmier-4.png\" alt=\"\" class=\"wp-image-357\" srcset=\"https:\/\/www.domainelabergerie.com\/wp-content\/uploads\/2025\/02\/Palmier-4.png 412w, https:\/\/www.domainelabergerie.com\/wp-content\/uploads\/2025\/02\/Palmier-4-129x300.png 129w\" sizes=\"(max-width: 412px) 100vw, 412px\" \/><\/figure>\n<\/div>\n\n\n\n<div class=\"pfq\">\n  \n  \n  <nav class=\"pfq__themes\">\n    <h2>Thema's<\/h2>\n    <ul>\n      \n        <li class=\"pfq__theme active\" data-pfq-group=\"group-0\">\n          <a href=\"#\">Questions g\u00e9n\u00e9rales<\/a>\n        <\/li>\n\n      \n        <li class=\"pfq__theme \" data-pfq-group=\"group-1\">\n          <a href=\"#\">Moyens de paiement et caution<\/a>\n        <\/li>\n\n      \n        <li class=\"pfq__theme \" data-pfq-group=\"group-2\">\n          <a href=\"#\">Espace aquatique<\/a>\n        <\/li>\n\n      \n        <li class=\"pfq__theme \" data-pfq-group=\"group-3\">\n          <a href=\"#\">Les alentours<\/a>\n        <\/li>\n\n          <\/ul>\n  <\/nav>\n\n  <div class=\"pfq__questions\">\n    \n      <div class=\"pfq__questions__group visible\" data-pfq-group=\"group-0\">\n\n        <h3>Questions g\u00e9n\u00e9rales<\/h3>\n\n        \n          <div class=\"pfq__question\"  >\n            <h4 class=\"pfq__question__title\">O\u00f9 le Domaine de la Bergerie est-il situ\u00e9 ?<\/h4>\n            <div class=\"pfq__answer\"><p>Nous sommes situ\u00e9s \u00e0 Roquebrune sur Argens dans le Var entre Fr\u00e9jus et Saint-Tropez.<br \/>\n<u>Adresse\u00a0<\/u>: 1960 Rd 8 \u2013 83520 Roquebrune sur Argens.<br \/>\n<u>Coordonn\u00e9es GPS<\/u>\u00a0: Latitude\u00a0: 43.40021226245601 | Longitude\u00a0: 6.670709264831558<br \/>\n<u>Liens d\u2019acc\u00e8s<\/u>\u00a0:\u00a0<a href=\"http:\/\/maps.app.goo.gl\/DfUXxMnHdZsNNY1V8\">Itin\u00e9raire<\/a><\/p>\n<\/div>\n          <\/div>\n\n        \n          <div class=\"pfq__question\"  >\n            <h4 class=\"pfq__question__title\">Les animaux sont-ils autoris\u00e9s dans les h\u00e9bergements ?<\/h4>\n            <div class=\"pfq__answer\"><p data-start=\"177\" data-end=\"399\">Bonne nouvelle : <strong data-start=\"194\" data-end=\"267\">nos amis \u00e0 quatre pattes sont les bienvenus au Domaine de la Bergerie<\/strong> \ud83d\udc36\ud83d\udc31<br data-start=\"272\" data-end=\"275\" \/>Pensez simplement \u00e0 le pr\u00e9ciser lors de votre r\u00e9servation, car <strong data-start=\"338\" data-end=\"398\">certains mobil-homes ne peuvent pas accueillir d\u2019animaux<\/strong>.<\/p>\n<p data-start=\"401\" data-end=\"636\">Et parce que le Domaine est partag\u00e9 par tous, nous comptons sur les ma\u00eetres pour garder les lieux propres. <strong data-start=\"508\" data-end=\"567\">Des pinces \u00e0 d\u00e9jections sont disponibles \u00e0 la r\u00e9ception<\/strong>, histoire que les promenades restent agr\u00e9ables pour tout le monde \ud83d\ude09<\/p>\n<\/div>\n          <\/div>\n\n        \n          <div class=\"pfq__question\"  >\n            <h4 class=\"pfq__question__title\">Les visiteurs sont-ils accept\u00e9s ?<\/h4>\n            <div class=\"pfq__answer\"><p data-start=\"193\" data-end=\"456\">Oui, les visiteurs peuvent \u00eatre accueillis sur le Domaine (acc\u00e8s payant en haute saison). En revanche, ils viennent surtout pour dire bonjour \ud83d\ude09 : <strong data-start=\"340\" data-end=\"455\">le parc aquatique, les activit\u00e9s et les infrastructures du Domaine sont r\u00e9serv\u00e9s exclusivement \u00e0 nos vacanciers<\/strong>.<\/p>\n<p data-start=\"458\" data-end=\"652\">Pour garantir la tranquillit\u00e9 et le confort de tous, nous nous r\u00e9servons le droit de <strong data-start=\"543\" data-end=\"602\">limiter le nombre de visiteurs ou de refuser leur acc\u00e8s<\/strong> si n\u00e9cessaire (promis, toujours avec le sourire).<\/p>\n<p data-start=\"654\" data-end=\"767\">\u00c0 noter toutefois : <strong data-start=\"674\" data-end=\"766\">pour les s\u00e9jours de moins de 7 nuits, aucun visiteur ne pourra \u00eatre admis sur le Domaine<\/strong>.<\/p>\n<\/div>\n          <\/div>\n\n        \n          <div class=\"pfq__question\"  >\n            <h4 class=\"pfq__question__title\">Le port du Bracelet est-il obligatoire ?<\/h4>\n            <div class=\"pfq__answer\"><p data-start=\"155\" data-end=\"332\">Oui, le <strong data-start=\"163\" data-end=\"204\">bracelet du Domaine est indispensable<\/strong> \ud83d\udc4b<br data-start=\"207\" data-end=\"210\" \/>Il vous sera remis \u00e0 votre arriv\u00e9e et vous permettra d\u2019acc\u00e9der aux <strong data-start=\"277\" data-end=\"320\">activit\u00e9s, infrastructures et commerces<\/strong> du Domaine.<\/p>\n<p data-start=\"334\" data-end=\"581\">Pensez \u00e0 le garder au poignet : notre \u00e9quipe pourra \u00eatre amen\u00e9e \u00e0 vous le demander. <strong data-start=\"418\" data-end=\"496\">Sans bracelet, il vous sera simplement demand\u00e9 de r\u00e9gulariser la situation<\/strong>\u2026 histoire que tout le monde profite du Domaine dans les r\u00e8gles et la bonne humeur \ud83d\ude0a<\/p>\n<\/div>\n          <\/div>\n\n        \n          <div class=\"pfq__question\"  >\n            <h4 class=\"pfq__question__title\">Le Domaine est-il surveill\u00e9 ?<\/h4>\n            <div class=\"pfq__answer\"><div>Oui le Domaine de la Bergerie est s\u00e9curis\u00e9 et surveill\u00e9 par nos gardiens. Des<\/p>\n<p data-start=\"104\" data-end=\"279\">Oui, <strong data-start=\"109\" data-end=\"164\">le Domaine de la Bergerie est s\u00e9curis\u00e9 et surveill\u00e9<\/strong>. Nos gardiens assurent une pr\u00e9sence r\u00e9guli\u00e8re sur l\u2019ensemble du Domaine afin de veiller \u00e0 la tranquillit\u00e9 de tous.<\/p>\n<p data-start=\"281\" data-end=\"566\">L\u2019acc\u00e8s des v\u00e9hicules est <strong data-start=\"307\" data-end=\"384\">filtr\u00e9 par des barri\u00e8res \u00e9quip\u00e9es de lecture de plaques d\u2019immatriculation<\/strong>, et les <strong data-start=\"393\" data-end=\"435\">acc\u00e8s pi\u00e9tons sont \u00e9galement contr\u00f4l\u00e9s<\/strong> par nos agents de s\u00e9curit\u00e9. Nos \u00e9quipes circulent en permanence dans le Domaine pour garantir le calme et la s\u00e9curit\u00e9 de chacun.<\/p>\n<p data-start=\"568\" data-end=\"683\">En <strong data-start=\"571\" data-end=\"587\">haute saison<\/strong>, nos gardiens sont <strong data-start=\"607\" data-end=\"628\">joignables 24h\/24<\/strong>, pour que vos vacances se d\u00e9roulent en toute s\u00e9r\u00e9nit\u00e9.<\/p>\n<\/div>\n<\/div>\n          <\/div>\n\n        \n          <div class=\"pfq__question\"  >\n            <h4 class=\"pfq__question__title\">Peut-on faire des barbecues ?<\/h4>\n            <div class=\"pfq__answer\"><p data-start=\"96\" data-end=\"271\">Pour des raisons de s\u00e9curit\u00e9, <strong data-start=\"126\" data-end=\"170\">seuls les barbecues \u00e0 gaz sont autoris\u00e9s<\/strong> sur le Domaine.<\/p>\n<p data-start=\"96\" data-end=\"271\">Les <strong data-start=\"193\" data-end=\"270\">barbecues \u00e9lectriques et au charbon ne sont pas autoris\u00e9s<\/strong>.<\/p>\n<p data-start=\"273\" data-end=\"407\">Bonne nouvelle toutefois \ud83d\ude04 : <strong data-start=\"303\" data-end=\"379\">des barbecues \u00e0 gaz sont disponibles \u00e0 la location directement sur place<\/strong>, \u00e0 la sup\u00e9rette du Domaine.<\/p>\n<\/div>\n          <\/div>\n\n        \n          <div class=\"pfq__question\"  >\n            <h4 class=\"pfq__question__title\">Y a-t-il un m\u00e9decin sur place ?<\/h4>\n            <div class=\"pfq__answer\"><p data-start=\"132\" data-end=\"406\">Nous ne disposons pas de m\u00e9decin directement sur le Domaine. En revanche, <strong data-start=\"206\" data-end=\"270\">notre \u00e9quipe pourra vous orienter vers des m\u00e9decins de ville<\/strong> pouvant, selon disponibilit\u00e9, se d\u00e9placer jusqu\u2019\u00e0 votre h\u00e9bergement.<br data-start=\"339\" data-end=\"342\" \/>Le service <strong data-start=\"353\" data-end=\"369\">SOS M\u00e9decins<\/strong> peut \u00e9galement intervenir sur place.<\/p>\n<p data-start=\"408\" data-end=\"656\">Par ailleurs, <strong data-start=\"422\" data-end=\"494\">plusieurs m\u00e9decins re\u00e7oivent en consultation \u00e0 Roquebrune-sur-Argens<\/strong>, situ\u00e9 \u00e0 environ <strong data-start=\"512\" data-end=\"546\">7 km du Domaine de la Bergerie<\/strong>.<\/p>\n<p data-start=\"408\" data-end=\"656\"><strong>L\u2019h\u00f4pital Bonnet (CHI de Fr\u00e9jus \/ Saint-Rapha\u00ebl)<\/strong> se trouve quant \u00e0 lui \u00e0 <strong data-start=\"627\" data-end=\"644\">environ 10 km<\/strong> du Domaine.<\/p>\n<\/div>\n          <\/div>\n\n        \n          <div class=\"pfq__question\"  >\n            <h4 class=\"pfq__question__title\">Y a-t-il des commerces sur place ?<\/h4>\n            <div class=\"pfq__answer\"><p data-start=\"122\" data-end=\"418\">D\u00e8s l\u2019ouverture du Domaine, <strong data-start=\"150\" data-end=\"259\">plusieurs commerces vous accueillent pour faciliter votre s\u00e9jour et vous offrir des vacances tout confort<\/strong>.<\/p>\n<p data-start=\"122\" data-end=\"418\">Notre <strong data-start=\"269\" data-end=\"283\">restaurant<\/strong>, install\u00e9 dans l\u2019ancienne bergerie en pierre, vous re\u00e7oit <strong data-start=\"342\" data-end=\"364\">le midi et le soir<\/strong> pour des moments gourmands dans un cadre authentique.<\/p>\n<p data-start=\"420\" data-end=\"648\">Sur place, vous trouverez \u00e9galement <strong data-start=\"456\" data-end=\"540\">une boulangerie, une sup\u00e9rette, une r\u00f4tisserie et un snack au bord de la piscine<\/strong>, pour satisfaire toutes les envies et profiter pleinement de vos vacances, sans avoir \u00e0 quitter le Domaine.<\/p>\n<\/div>\n          <\/div>\n\n        \n          <div class=\"pfq__question\"  >\n            <h4 class=\"pfq__question__title\">Quels sont les transports proche du camping?<\/h4>\n            <div class=\"pfq__answer\"><p>Autoroute A8:<br \/>\nSortie &#8216;Le Muy&#8217; ou &#8216;Puget sur Argens&#8217;. Prendre la direction de Roquebrune sur Argens (D7) sur 5 km. Traverser le Village de Roquebrune en prenant la direction &#8216;Les Issambres par le Col du Bougnon&#8217; (D8). La Bergerie se trouve \u00e0 2 km.<\/p>\n<p>Gare routi\u00e8re :<br \/>\nGare TGV et routi\u00e8re Saint-Rapha\u00ebl Valescure situ\u00e9 \u00e0 11km5 du Domaine de la Bergerie.<br \/>\nGare TGV Les Arcs-Draguignan situ\u00e9 \u00e0 25 km du Domaine de la Bergerie.<\/p>\n<p>En haute saison Esterel C\u00f4te d&#8217;Azur Agglom\u00e9ration, met en place une ligne de bus ligne\u00a0<a href=\"https:\/\/maps.mybus.io\/saint-raphael\/voyager\/lignes\/ligne-estivale-22-les-issambres-roquebrune-village-la-bouverie\/\">Estivale 22<\/a>\u00a0avec un arr\u00eat (arr\u00eat Domaine des 2 collines) \u00e0 200m du Domaine de la Bergerie.<\/p>\n<\/div>\n          <\/div>\n\n        \n      <\/div>\n\n    \n      <div class=\"pfq__questions__group \" data-pfq-group=\"group-1\">\n\n        <h3>Moyens de paiement et caution<\/h3>\n\n        \n          <div class=\"pfq__question\"  >\n            <h4 class=\"pfq__question__title\">Quels sont les moyens de paiement autoris\u00e9s ?<\/h4>\n            <div class=\"pfq__answer\"><p>Les moyens de paiements accept\u00e9s au Domaine de la Bergerie sont :<br \/>\n- Carte bancaire ( Visa et Mastercad)<br \/>\n- Ch\u00e8que bancaire ou postal<br \/>\n- Virement<br \/>\n- Ch\u00e8que vacances (ANCV et ANCV Connect)<br \/>\n- iDEAL<br \/>\n- Bancontact<br \/>\n- Esp\u00e8ce<\/p>\n<\/div>\n          <\/div>\n\n        \n          <div class=\"pfq__question\"  >\n            <h4 class=\"pfq__question__title\">Peut-on payer en ANCV Connect ?<\/h4>\n            <div class=\"pfq__answer\"><p>Oui le paiement par ANCV Connect est possible. Il faudra choisir le mode de paiement \u2018ANCV Connect\u2019 lors de votre r\u00e9servation. Vous recevrez sous 24-48h un email afin de proc\u00e9der au paiement via ANCV Connect. Votre r\u00e9servation sera effective \u00e0 r\u00e9ception de votre paiement<\/p>\n<\/div>\n          <\/div>\n\n        \n          <div class=\"pfq__question\"  >\n            <h4 class=\"pfq__question__title\">\u200bPeut-on payer en ch\u00e8que vacances ?<\/h4>\n            <div class=\"pfq__answer\"><p>Oui le paiement en ch\u00e8que vacances est possible. Il faudra choisir le mode de paiement \u2018Ch\u00e8que \u2013 ANCV\u2019 lors de votre r\u00e9servation. Vous avez alors 8 jours pour nous envoyer par courrier (en recommand\u00e9 de pr\u00e9f\u00e9rence) vos ch\u00e8ques. Votre r\u00e9servation sera effective \u00e0 r\u00e9ception de vos ch\u00e8ques vacances.<\/p>\n<p>&nbsp;<\/p>\n<\/div>\n          <\/div>\n\n        \n          <div class=\"pfq__question\"  >\n            <h4 class=\"pfq__question__title\">Les bons VACAF sont-ils accept\u00e9s ?<\/h4>\n            <div class=\"pfq__answer\"><p>Non, nous ne sommes pas agr\u00e9\u00e9s VACAF.<\/p>\n<div id=\"gtx-trans\" style=\"position: absolute; left: -29px; top: 38px;\">\n<div class=\"gtx-trans-icon\"><\/div>\n<\/div>\n<\/div>\n          <\/div>\n\n        \n          <div class=\"pfq__question\"  >\n            <h4 class=\"pfq__question__title\">Quand et comment payer ma caution ?<\/h4>\n            <div class=\"pfq__answer\"><p>Pour votre confort et faciliter votre arriv\u00e9e vous pouvez payer votre caution directement en ligne. Un email vous permettant d\u2019acc\u00e9der \u00e0 un syst\u00e8me totalement s\u00e9curis\u00e9 vous sera envoy\u00e9 10 jours avant votre arriv\u00e9e. Avec ce syst\u00e8me votre caution de 300\u20ac n\u2019est ni bloqu\u00e9e ni d\u00e9bit\u00e9e de votre compte<\/p>\n<\/div>\n          <\/div>\n\n        \n      <\/div>\n\n    \n      <div class=\"pfq__questions__group \" data-pfq-group=\"group-2\">\n\n        <h3>Espace aquatique<\/h3>\n\n        \n          <div class=\"pfq__question\"  >\n            <h4 class=\"pfq__question__title\">Les piscines sont-elles chauff\u00e9es ?<\/h4>\n            <div class=\"pfq__answer\"><p>Nous disposons de plusieurs piscines. La piscine int\u00e9rieure est chauff\u00e9e en basse saison. Elle est r\u00e9serv\u00e9e aux adultes en juillet et aout (sauf intemp\u00e9ries) et devient un espace zen. Le bassin Baln\u00e9o est chauff\u00e9 en hors saison. La Piscine Carr\u00e9e ainsi que le Lagon ne sont pas chauff\u00e9s.<\/p>\n<\/div>\n          <\/div>\n\n        \n          <div class=\"pfq__question\"  >\n            <h4 class=\"pfq__question__title\">Les shorts de bain sont-ils autoris\u00e9s ?<\/h4>\n            <div class=\"pfq__answer\"><p>Pour des questions d\u2019hygi\u00e8ne les shorts de bains, les combinaisons et les burkinis ne sont pas autoris\u00e9s.\u00a0Seuls les maillots de bain ou boxer en lycra sont autoris\u00e9s.<\/p>\n<\/div>\n          <\/div>\n\n        \n      <\/div>\n\n    \n      <div class=\"pfq__questions__group \" data-pfq-group=\"group-3\">\n\n        <h3>Les alentours<\/h3>\n\n        \n          <div class=\"pfq__question\"  >\n            <h4 class=\"pfq__question__title\">Quelles sont les activit\u00e9s proches du camping ?<\/h4>\n            <div class=\"pfq__answer\"><p>Si vous souhaitez vous divertir en dehors du Domaine, vous trouverez \u00e0 proximit\u00e9 du camping les\u00a0activit\u00e9s suivantes :<\/p>\n<p>- Accrobranches \u00e0 Sainte-Maxime ou Puget sur Argens<br \/>\n-\u00a0Bowling \u00e0 Fr\u00e9jus<br \/>\n-\u00a0Casino \u00e0 Sainte-Maxime, Fr\u00e9jus et Saint-Rapha\u00ebl<br \/>\n-\u00a0Golf\u00a0\u00e0 Roqubrune sur Argens<br \/>\n-\u00a0Karting \u00e0 Roqurbune sur Argens et Fr\u00e9jus<br \/>\nSans compter les multiples chemins de randonn\u00e9es que nous offrent notre belle r\u00e9gion.<\/p>\n<\/div>\n          <\/div>\n\n        \n          <div class=\"pfq__question\"  >\n            <h4 class=\"pfq__question__title\">A quelle distance de la mer se trouve le camping?<\/h4>\n            <div class=\"pfq__answer\"><div>Nous sommes situ\u00e9s \u00e0 8 km des plages et des criques des Issambres et \u00e0 8 km des plages de Saint-Aygulf.<\/div>\n<\/div>\n          <\/div>\n\n        \n          <div class=\"pfq__question\"  >\n            <h4 class=\"pfq__question__title\">A quelle distance de la ville le plus proche se trouve le camping?<\/h4>\n            <div class=\"pfq__answer\"><p>Nous sommes situ\u00e9s \u00e0 8 km du village mill\u00e9naire de Roquebrune sur Argens et \u00e0 8 km de la ville historique de Fr\u00e9jus.<\/p>\n<\/div>\n          <\/div>\n\n        \n      <\/div>\n\n    \n  <\/div>\n<\/div>\n<\/div>\n<\/div>\n\n<div style=\"height:8rem\" aria-hidden=\"true\" class=\"wp-block-spacer\"><\/div>\n","protected":false},"excerpt":{"rendered":"<p>Heeft u een vraag over uw verblijf op camping Domaine de la Bergerie? Hier vind je antwoorden op de meest gestelde vragen. Bekijk deze pagina voordat je contact met ons opneemt: je vindt er zeker de informatie die je zoekt om je verblijf in Roquebrune-sur-Argens voor te bereiden.<\/p>\n","protected":false},"author":1,"featured_media":0,"parent":0,"menu_order":0,"comment_status":"closed","ping_status":"closed","template":"","meta":{"_acf_changed":false,"_seopress_robots_primary_cat":"","_seopress_titles_title":"FAQ Camping Roquebrune-sur-Argens | Alle antwoorden op uw vragen","_seopress_titles_desc":"Raadpleeg onze FAQ met alle informatie die je nodig hebt om je verblijf op Camping Domaine de la Bergerie in Roquebrune-sur-Argens in Le Var voor te bereiden.","_seopress_robots_index":"","distance":"{16 km}","elevation":"{400 D+}","footnotes":""},"class_list":["post-7985","page","type-page","status-publish","hentry"],"acf":[],"_links":{"self":[{"href":"https:\/\/www.domainelabergerie.com\/nl\/wp-json\/wp\/v2\/pages\/7985","targetHints":{"allow":["GET"]}}],"collection":[{"href":"https:\/\/www.domainelabergerie.com\/nl\/wp-json\/wp\/v2\/pages"}],"about":[{"href":"https:\/\/www.domainelabergerie.com\/nl\/wp-json\/wp\/v2\/types\/page"}],"author":[{"embeddable":true,"href":"https:\/\/www.domainelabergerie.com\/nl\/wp-json\/wp\/v2\/users\/1"}],"replies":[{"embeddable":true,"href":"https:\/\/www.domainelabergerie.com\/nl\/wp-json\/wp\/v2\/comments?post=7985"}],"version-history":[{"count":1,"href":"https:\/\/www.domainelabergerie.com\/nl\/wp-json\/wp\/v2\/pages\/7985\/revisions"}],"predecessor-version":[{"id":7987,"href":"https:\/\/www.domainelabergerie.com\/nl\/wp-json\/wp\/v2\/pages\/7985\/revisions\/7987"}],"wp:attachment":[{"href":"https:\/\/www.domainelabergerie.com\/nl\/wp-json\/wp\/v2\/media?parent=7985"}],"curies":[{"name":"wp","href":"https:\/\/api.w.org\/{rel}","templated":true}]}}