{"id":4100,"date":"2025-01-24T10:31:09","date_gmt":"2025-01-24T10:31:09","guid":{"rendered":"http:\/\/bergerie.plune.fr\/privacybeleid\/"},"modified":"2025-08-19T16:02:33","modified_gmt":"2025-08-19T16:02:33","slug":"privacybeleid","status":"publish","type":"page","link":"https:\/\/www.domainelabergerie.com\/nl\/privacybeleid\/","title":{"rendered":"Privacybeleid"},"content":{"rendered":"\n<div class=\"wp-block-group has-global-padding is-layout-constrained wp-block-group-is-layout-constrained\" style=\"margin-bottom:var(--wp--preset--spacing--xxl)\">\n\n\n\n\t<script type=\"text\/javascript\">\n\t\tvar swiperOptionsStudio_swiper_69f18e99e0d80 = {\n  createElements: true,\n  slidesPerView: 1,\n  spaceBetween: 0,\n  navigation: { \n    enabled: false,\n  },\n  effect: \"fade\",\n  fadeEffect: {\n    crossFade: true,\n  },\n  pagination: {\n    enabled: false,\n  },\n  autoplay: {\n   delay: 5000,\n   disableOnInteraction: false,\n  },\n  loop: true,\nspeed: 1000\n};\n\t<\/script>\n\n\n\n\n<div id=\"swiper_69f18e99e0d80\" class=\"swiper alignfull scale wp-block-plune-blocks-slider\" data-swiper=\"{&quot;autoplay&quot;:true,&quot;navigation&quot;:false,&quot;pagination&quot;:false,&quot;slidesPerView&quot;:2}\"data-module=\"default\">\n\t<div class=\"swiper-wrapper\">\n\t\t\n\n<div style=\"aspect-ratio:16\/9;min-height:unset;\" class=\"wp-block-cover aligncenter swiper-slide has-aspect-ratio\"><img alt=\"Camping 5 \u00e9toiles avec parc aquatique en M\u00e9diterran\u00e9e.\" decoding=\"async\" width=\"1847\" height=\"1212\" class=\"wp-block-cover__image-background wp-image-1316 size-full\" alt=\"\" src=\"https:\/\/www.domainelabergerie.com\/wp-content\/uploads\/2025\/03\/parc-aquatique-du-camping-5-etoiles-domaine-de-la-bergerie-en-mediterranee.webp\" data-object-fit=\"cover\" srcset=\"https:\/\/www.domainelabergerie.com\/wp-content\/uploads\/2025\/03\/parc-aquatique-du-camping-5-etoiles-domaine-de-la-bergerie-en-mediterranee.webp 1847w, https:\/\/www.domainelabergerie.com\/wp-content\/uploads\/2025\/03\/parc-aquatique-du-camping-5-etoiles-domaine-de-la-bergerie-en-mediterranee-300x197.webp 300w, https:\/\/www.domainelabergerie.com\/wp-content\/uploads\/2025\/03\/parc-aquatique-du-camping-5-etoiles-domaine-de-la-bergerie-en-mediterranee-1024x672.webp 1024w, https:\/\/www.domainelabergerie.com\/wp-content\/uploads\/2025\/03\/parc-aquatique-du-camping-5-etoiles-domaine-de-la-bergerie-en-mediterranee-768x504.webp 768w, https:\/\/www.domainelabergerie.com\/wp-content\/uploads\/2025\/03\/parc-aquatique-du-camping-5-etoiles-domaine-de-la-bergerie-en-mediterranee-1536x1008.webp 1536w\" sizes=\"(max-width: 1847px) 100vw, 1847px\" \/><span aria-hidden=\"true\" class=\"wp-block-cover__background has-black-background-color has-background-dim-20 has-background-dim\"><\/span><div class=\"wp-block-cover__inner-container has-global-padding is-layout-constrained wp-block-cover-is-layout-constrained\">\n<div class=\"wp-block-group alignwide has-global-padding is-layout-constrained wp-container-core-group-is-layout-eb740263 wp-block-group-is-layout-constrained\" style=\"padding-top:var(--wp--preset--spacing--xs);padding-right:var(--wp--preset--spacing--s);padding-bottom:var(--wp--preset--spacing--xs);padding-left:var(--wp--preset--spacing--s)\">\n<p class=\"has-text-align-center is-style-default has-white-color has-text-color has-link-color has-secondary-font-family has-xxl-font-size wp-elements-afc83b93fe9360181eb3148dab46fcb4\" style=\"--m-a:center\">Domaine de la Bergerie<\/p>\n\n\n\n<p class=\"has-text-align-center has-white-color has-text-color has-link-color has-secondary-font-family has-xl-font-size wp-elements-e552961516a0982f7670d666e03272ab\" style=\"margin-top:0;margin-bottom:0;--m-a:center\"><em>Privacybeleid<\/em><\/p>\n<\/div>\n<\/div><\/div>\n\n\n\n<div style=\"aspect-ratio:16\/9;min-height:unset;\" class=\"wp-block-cover aligncenter swiper-slide has-aspect-ratio\"><img alt=\"\" decoding=\"async\" width=\"1920\" height=\"1281\" class=\"wp-block-cover__image-background wp-image-1051 size-full\" alt=\"\" src=\"https:\/\/www.domainelabergerie.com\/wp-content\/uploads\/2025\/03\/Jas-du-Pebrier-Domaine-Bergerie-Villa-Var-4.webp\" data-object-fit=\"cover\" srcset=\"https:\/\/www.domainelabergerie.com\/wp-content\/uploads\/2025\/03\/Jas-du-Pebrier-Domaine-Bergerie-Villa-Var-4.webp 1920w, https:\/\/www.domainelabergerie.com\/wp-content\/uploads\/2025\/03\/Jas-du-Pebrier-Domaine-Bergerie-Villa-Var-4-300x200.webp 300w, https:\/\/www.domainelabergerie.com\/wp-content\/uploads\/2025\/03\/Jas-du-Pebrier-Domaine-Bergerie-Villa-Var-4-1024x683.webp 1024w, https:\/\/www.domainelabergerie.com\/wp-content\/uploads\/2025\/03\/Jas-du-Pebrier-Domaine-Bergerie-Villa-Var-4-768x512.webp 768w, https:\/\/www.domainelabergerie.com\/wp-content\/uploads\/2025\/03\/Jas-du-Pebrier-Domaine-Bergerie-Villa-Var-4-1536x1025.webp 1536w\" sizes=\"(max-width: 1920px) 100vw, 1920px\" \/><span aria-hidden=\"true\" class=\"wp-block-cover__background has-black-background-color has-background-dim-20 has-background-dim\"><\/span><div class=\"wp-block-cover__inner-container has-global-padding is-layout-constrained wp-block-cover-is-layout-constrained\">\n<div class=\"wp-block-group alignwide has-global-padding is-layout-constrained wp-container-core-group-is-layout-eb740263 wp-block-group-is-layout-constrained\" style=\"padding-top:var(--wp--preset--spacing--xs);padding-right:var(--wp--preset--spacing--s);padding-bottom:var(--wp--preset--spacing--xs);padding-left:var(--wp--preset--spacing--s)\">\n<p class=\"has-text-align-center is-style-default has-white-color has-text-color has-link-color has-secondary-font-family has-xxl-font-size wp-elements-afc83b93fe9360181eb3148dab46fcb4\" style=\"--m-a:center\">Domaine de la Bergerie<\/p>\n\n\n\n<p class=\"has-text-align-center has-white-color has-text-color has-link-color has-secondary-font-family has-xl-font-size wp-elements-365f10100a5313b58cd565fbf3cd60b1\" style=\"margin-top:0;margin-bottom:0;--m-a:center\"><em><em><em><em><em>Privacybeleid<\/em><\/em><\/em><\/em><\/em><\/p>\n<\/div>\n<\/div><\/div>\n\n\t<\/div>\n<\/div>\n\n\n<div class=\"wp-block-group alignfull has-global-padding is-content-justification-center is-layout-constrained wp-container-core-group-is-layout-bf18f6be wp-block-group-is-layout-constrained\" style=\"padding-right:var(--wp--preset--spacing--s);padding-left:var(--wp--preset--spacing--s)\">\n<h1 class=\"wp-block-heading has-text-align-center\" style=\"--m-a:center\">Privacybeleid<\/h1>\n\n\n\n<div class=\"wp-block-columns alignwide is-layout-flex wp-container-core-columns-is-layout-5e05a7e3 wp-block-columns-is-layout-flex\">\n<div class=\"wp-block-column is-layout-flow wp-container-core-column-is-layout-51680102 wp-block-column-is-layout-flow\" style=\"padding-top:0;padding-bottom:var(--wp--preset--spacing--s)\">\n<h2 class=\"wp-block-heading\" style=\"--m-a:left\">Preambule<\/h2>\n\n\n\n<p style=\"--m-a:left\">Dit vertrouwelijkheidsbeleid informeert u over de manier waarop Domaine de la Bergerie de informatie gebruikt en beschermt die u ons mogelijk doorgeeft wanneer u deze site gebruikt, die toegankelijk is via de volgende URL: https: <a href=\"https:\/\/www.domainelabergerie.com\/\" data-type=\"link\" data-id=\"https:\/\/www.domainelabergerie.com\/\" target=\"_blank\" rel=\"noreferrer noopener\">\/\/www.domainelabergerie.com\/.<\/a><\/p>\n\n\n\n<p style=\"--m-a:left\">Houd er rekening mee dat dit privacybeleid te allen tijde door Domaine de la Bergerie kan worden gewijzigd of aangevuld, met name om te voldoen aan wettelijke of technologische ontwikkelingen. In dergelijke gevallen wordt de datum van de update duidelijk bovenaan dit beleid vermeld. Deze wijzigingen zijn bindend voor de gebruiker zodra ze online zijn geplaatst. Gebruikers moeten dit privacybeleid daarom regelmatig raadplegen om kennis te nemen van eventuele wijzigingen.<\/p>\n\n\n\n<h2 class=\"wp-block-heading\" style=\"--m-a:left\">1. Onderdelen<\/h2>\n\n\n\n<p style=\"--m-a:left\">Dit privacybeleid is van toepassing tussen Domaine de la Bergerie, hierna &#8220;de uitgever&#8221;, en elke persoon die verbinding maakt met de site, hierna &#8220;de internetgebruiker&#8221;.<\/p>\n\n\n\n<h2 class=\"wp-block-heading\" style=\"--m-a:left\">2. Definities<\/h2>\n\n\n\n<p style=\"--m-a:left\"><strong>&#8220;Site-inhoud&#8221;<\/strong>: elementen van welke aard dan ook die op de Site worden gepubliceerd, al dan niet beschermd door intellectuele eigendomsrechten, zoals teksten, afbeeldingen, ontwerpen, presentaties, video&#8217;s, diagrammen, structuren, databases of software.<\/p>\n\n\n\n<p style=\"--m-a:left\"><strong>&#8220;Internetgebruiker&#8221;<\/strong>: elke persoon die verbinding maakt met de Site.<\/p>\n\n\n\n<p style=\"--m-a:left\"><strong>&#8220;Site&#8221;<\/strong>: de internetsite die toegankelijk is via de URL <a href=\"https:\/\/www.domainelabergerie.com\/\" data-type=\"link\" data-id=\"https:\/\/www.domainelabergerie.com\/\" target=\"_blank\" rel=\"noreferrer noopener\">https:\/\/www.domainelabergerie.com\/,<\/a> evenals subsites, spiegelsites, portals en URL-varianten die daarmee verband houden.<\/p>\n\n\n\n<h2 class=\"wp-block-heading\" style=\"--m-a:left\">3. Toepassingsgebied<\/h2>\n\n\n\n<p style=\"--m-a:left\">Dit vertrouwelijkheidsbeleid geldt voor alle internetgebruikers. Alleen al door verbinding te maken met en\/of te surfen op de Site accepteert u dit beleid volledig en zonder voorbehoud. Door op &#8220;OK, alles accepteren&#8221; in de cookiebanner te klikken, bevestigt u dit. <\/p>\n\n\n\n<p style=\"--m-a:left\">De internetgebruiker erkent de bewijskracht van de automatische registratiesystemen van de uitgever.<\/p>\n\n\n\n<p style=\"--m-a:left\">Deze acceptatie gaat ervan uit dat de internetgebruiker over de vereiste rechtsbevoegdheid of de juiste wettelijke machtiging beschikt.<\/p>\n\n\n\n<h2 class=\"wp-block-heading\" style=\"--m-a:left\">4. Persoonlijke gegevens<\/h2>\n\n\n\n<p style=\"--m-a:left\">Over het algemeen kunt u de Site bezoeken zonder vrijwillig persoonlijke gegevens te verstrekken. Voor bepaalde functies is het echter nodig om persoonlijke gegevens te verzamelen. <\/p>\n\n\n\n<h3 class=\"wp-block-heading\" style=\"--m-a:left\">4.1 Identiteit van de verantwoordelijke voor de verwerking<\/h3>\n\n\n\n<p style=\"--m-a:left\">De verantwoordelijke voor de verwerking van de gegevens is: Domaine de la Bergerie.<\/p>\n\n\n\n<h3 class=\"wp-block-heading\" style=\"--m-a:left\">4.2 Identiteit van de functionaris voor gegevensbescherming<\/h3>\n\n\n\n<p style=\"--m-a:left\">Domaine de la Bergerie.<\/p>\n\n\n\n<h3 class=\"wp-block-heading\" style=\"--m-a:left\">4.3 Gegevensverzameling<\/h3>\n\n\n\n<h4 class=\"wp-block-heading\" style=\"--m-a:left\">4.3.1 Verzamelde gegevens<\/h4>\n\n\n\n<h5 class=\"wp-block-heading\" style=\"--m-a:left\">4.3.1.1 Tijdens navigatie<\/h5>\n\n\n\n<p style=\"--m-a:left\">Verzamelde informatie: IP-adres, type apparaat, bezochte pagina&#8217;s, tijdstempel, technische gegevens, cookies, webbakens, enz.<\/p>\n\n\n\n<h5 class=\"wp-block-heading\" style=\"--m-a:left\">4.3.1.2 Contactformulier \/ E-mail<\/h5>\n\n\n\n<p style=\"--m-a:left\">Achternaam, voornaam, e-mail, gratis bericht. Deze gegevens zijn verplicht zodat de redacteur je verzoek kan verwerken. <\/p>\n\n\n\n<h5 class=\"wp-block-heading\" style=\"--m-a:left\">4.3.1.3 Nieuwsbrief<\/h5>\n\n\n\n<p style=\"--m-a:left\">Je e-mailadres. Wordt alleen gebruikt voor het verzenden van informatieve berichten. <\/p>\n\n\n\n<h4 class=\"wp-block-heading\" style=\"--m-a:left\">4.3.2 Doel van de verwerking<\/h4>\n\n\n\n<ul class=\"wp-block-list\">\n<li>Zorgen voor veiligheid op de bouwplaats<\/li>\n\n\n\n<li>Reageren op je verzoeken<\/li>\n\n\n\n<li>Stuur de nieuwsbrief<\/li>\n\n\n\n<li>Statistieken, verbetering van de gebruikerservaring<\/li>\n\n\n\n<li>Gerichte reclame (indien van toepassing)<\/li>\n<\/ul>\n\n\n\n<h4 class=\"wp-block-heading\" style=\"--m-a:left\">4.3.3 Wettelijke basis<\/h4>\n\n\n\n<ul class=\"wp-block-list\">\n<li>Legitiem belang (beveiliging, analyse, reageren op verzoeken)<\/li>\n\n\n\n<li>Toestemming (nieuwsbrief, cookies)<\/li>\n<\/ul>\n\n\n\n<h4 class=\"wp-block-heading\" style=\"--m-a:left\">4.3.4 Ontvangers<\/h4>\n\n\n\n<p style=\"--m-a:left\">De gegevens zijn alleen toegankelijk voor de uitgever en zijn bevoegde technische onderaannemers.<\/p>\n\n\n\n<h4 class=\"wp-block-heading\" style=\"--m-a:left\">4.3.5 Houdbaarheid<\/h4>\n\n\n\n<ul class=\"wp-block-list\">\n<li>Navigatie: maximaal 12 maanden<\/li>\n\n\n\n<li>Vorm: duur van de relatie + 12 maanden<\/li>\n\n\n\n<li>Nieuwsbrief: tot uitschrijving<\/li>\n<\/ul>\n\n\n\n<h4 class=\"wp-block-heading\" style=\"--m-a:left\">4.3.6 Beveiliging en vertrouwelijkheid<\/h4>\n\n\n\n<p style=\"--m-a:left\">Gegevens worden opgeslagen op beveiligde servers, beschermd in overeenstemming met de huidige technische normen.<\/p>\n\n\n\n<h3 class=\"wp-block-heading\" style=\"--m-a:left\">4.4 Respect voor rechten<\/h3>\n\n\n\n<h4 class=\"wp-block-heading\" style=\"--m-a:left\">4.4.1 Recht op toegang \/ informatie<\/h4>\n\n\n\n<p style=\"--m-a:left\">U kunt een kopie van uw persoonlijke gegevens krijgen op vertoon van een identiteitsbewijs.<\/p>\n\n\n\n<h4 class=\"wp-block-heading\" style=\"--m-a:left\">4.4.2 Recht op correctie\/verwijdering<\/h4>\n\n\n\n<p style=\"--m-a:left\">U kunt uw gegevens corrigeren of vragen om ze te verwijderen.<\/p>\n\n\n\n<h4 class=\"wp-block-heading\" style=\"--m-a:left\">4.4.3 Recht op bezwaar<\/h4>\n\n\n\n<p style=\"--m-a:left\">U kunt bezwaar maken tegen bepaalde verwerkingen (behalve wanneer dit wettelijk of contractueel verplicht is).<\/p>\n\n\n\n<h4 class=\"wp-block-heading\" style=\"--m-a:left\">4.4.4 Recht op overdraagbaarheid<\/h4>\n\n\n\n<p style=\"--m-a:left\">U kunt een kopie van uw gegevens in een machineleesbaar formaat aanvragen.<\/p>\n\n\n\n<h4 class=\"wp-block-heading\" style=\"--m-a:left\">4.4.5 Recht op beperking<\/h4>\n\n\n\n<p style=\"--m-a:left\">Je kunt een tijdelijke bevriezing van de behandeling aanvragen.<\/p>\n\n\n\n<h4 class=\"wp-block-heading\" style=\"--m-a:left\">4.4.6 Reactietijden<\/h4>\n\n\n\n<p style=\"--m-a:left\">Binnen 30 dagen na ontvangst van je volledige aanvraag.<\/p>\n\n\n\n<h4 class=\"wp-block-heading\" style=\"--m-a:left\">4.4.7 Klacht bij de CNIL<\/h4>\n\n\n\n<p style=\"--m-a:left\">U kunt een klacht indienen bij de CNIL: <a href=\"https:\/\/www.cnil.fr\/fr\" data-type=\"link\" data-id=\"https:\/\/www.cnil.fr\/fr\" target=\"_blank\" rel=\"noreferrer noopener nofollow\">www.cnil.fr<\/a><\/p>\n<\/div>\n\n\n\n<div class=\"wp-block-column is-layout-flow wp-container-core-column-is-layout-a30485f8 wp-block-column-is-layout-flow\" style=\"padding-bottom:var(--wp--preset--spacing--s)\">\n<h3 class=\"wp-block-heading\" style=\"--m-a:left\">4.5 Overdracht van verzamelde gegevens<\/h3>\n\n\n\n<h3 class=\"wp-block-heading\" style=\"--m-a:left\">4.5.1 Overdracht aan partners<\/h3>\n\n\n\n<p style=\"--m-a:left\">De internetgebruiker stemt ermee in dat de verzamelde gegevens door de &#8220;uitgever&#8221; worden doorgegeven aan zijn partners en door deze partners worden verwerkt in het kader van diensten van derden, namelijk :<\/p>\n\n\n\n<figure class=\"wp-block-table\"><table class=\"has-fixed-layout\"><thead><tr><th>Partner<\/th><th>Kwaliteit<\/th><th>Land van bestemming<\/th><th>Uitgevoerde behandeling<\/th><th>Privacybeleid<\/th><\/tr><\/thead><tbody><tr><td>Google Analytics<\/td><td>Onderaannemer<\/td><td>VS (Privacy Shield)<\/td><td>Ontwikkeling van commerci\u00eble statistieken om rapporten te genereren over de interacties van internetgebruikers.<\/td><td><a href=\"https:\/\/policies.google.com\/privacy\" target=\"_blank\" rel=\"noreferrer noopener nofollow\">https:\/\/policies.google.com\/privacy<\/a><\/td><\/tr><tr><td>Google-kaarten<\/td><td>Onderaannemer<\/td><td>VS (Privacy Shield)<\/td><td>Interactieve kaarten en geolocatieservice.<\/td><td><a href=\"https:\/\/policies.google.com\/privacy\" target=\"_blank\" rel=\"noreferrer noopener nofollow\">https:\/\/policies.google.com\/privacy<\/a><\/td><\/tr><tr><td>YouTube<\/td><td>Onderaannemer<\/td><td>VS (Privacy Shield)<\/td><td>Service voor het streamen van video&#8217;s.<\/td><td><a href=\"https:\/\/policies.google.com\/privacy\" target=\"_blank\" rel=\"noreferrer noopener nofollow\">https:\/\/policies.google.com\/privacy<\/a><\/td><\/tr><\/tbody><\/table><\/figure>\n\n\n\n<h4 class=\"wp-block-heading\" style=\"--m-a:left\">4.5.2 Wettelijke vorderingen<\/h4>\n\n\n\n<p style=\"--m-a:left\">Gegevens die op grond van een rechterlijke beslissing kunnen worden doorgegeven aan de bevoegde autoriteiten.<\/p>\n\n\n\n<h4 class=\"wp-block-heading\" style=\"--m-a:left\">4.5.3 Fusie of overname<\/h4>\n\n\n\n<p style=\"--m-a:left\">In het geval van een overname of fusie kunnen de gegevens worden overgedragen aan de nieuwe sitebeheerder.<\/p>\n\n\n\n<h2 class=\"wp-block-heading\" style=\"--m-a:left\">5. Cookiebeleid<\/h2>\n\n\n\n<h3 class=\"wp-block-heading\" style=\"--m-a:left\">5.1 Gebruik van tracers\/cookies<\/h3>\n\n\n\n<p style=\"--m-a:left\">Wanneer u voor de eerste keer inlogt, wordt u door een informatiebanner gewaarschuwd dat er cookies op uw apparaat kunnen worden geplaatst. Deze cookies worden gebruikt om ervoor te zorgen dat uw browse-ervaring soepel en optimaal verloopt. <\/p>\n\n\n\n<h3 class=\"wp-block-heading\" style=\"--m-a:left\">5.2 Doeleinden van cookies<\/h3>\n\n\n\n<p style=\"--m-a:left\">Ze worden gebruikt om het verkeer op de site te analyseren, de ervaring te personaliseren, gepaste reclame weer te geven en het delen op sociale netwerken te vergemakkelijken.<\/p>\n\n\n\n<h3 class=\"wp-block-heading\" style=\"--m-a:left\">5.3 Gebruikte tracers<\/h3>\n\n\n\n<figure class=\"wp-block-table\"><table class=\"has-fixed-layout\"><thead><tr><th>Partner<\/th><th>Doel van de verwerking<\/th><th>Partnervoorwaarden<\/th><\/tr><\/thead><tbody><tr><td>Google Analytics<\/td><td>Verkoopstatistieken opstellen.<\/td><td><a href=\"https:\/\/policies.google.com\/technologies\/types\" target=\"_blank\" rel=\"noreferrer noopener nofollow\">https:\/\/policies.google.com\/technologies\/types<\/a><\/td><\/tr><tr><td>Google-kaarten<\/td><td>Interactieve kaarten en geolocatieservice.<\/td><td><a href=\"https:\/\/policies.google.com\/technologies\/types\" target=\"_blank\" rel=\"noreferrer noopener nofollow\">https:\/\/policies.google.com\/technologies\/types<\/a><\/td><\/tr><tr><td>YouTube<\/td><td>Service voor het streamen van video&#8217;s.<\/td><td><a href=\"https:\/\/policies.google.com\/technologies\/types\" target=\"_blank\" rel=\"noreferrer noopener nofollow\">https:\/\/policies.google.com\/technologies\/types<\/a><\/td><\/tr><\/tbody><\/table><\/figure>\n\n\n\n<h3 class=\"wp-block-heading\" style=\"--m-a:left\">5.4 Voorkeuren configureren<\/h3>\n\n\n\n<p style=\"--m-a:left\">U kunt cookies op elk gewenst moment beheren via de startpagina of de instellingen van uw browser.<\/p>\n\n\n\n<h4 class=\"wp-block-heading\" style=\"--m-a:left\">5.4.1 Cookies vrijgesteld van toestemming<\/h4>\n\n\n\n<p style=\"--m-a:left\">Dit zijn de cookies die nodig zijn om de site goed te laten functioneren (sessie, beveiliging, personalisatie, enz.).<\/p>\n\n\n\n<h4 class=\"wp-block-heading\" style=\"--m-a:left\">5.4.2 Cookies waarvoor toestemming is vereist<\/h4>\n\n\n\n<p style=\"--m-a:left\">Voor publieksmeting, advertenties en cookies van sociale netwerken is voorafgaande toestemming vereist.<\/p>\n\n\n\n<h3 class=\"wp-block-heading\" style=\"--m-a:left\">5.5 Bewaarperiode cookies<\/h3>\n\n\n\n<p style=\"--m-a:left\">Tracers worden maximaal 13 maanden bewaard.<\/p>\n\n\n\n<h3 class=\"wp-block-heading\" style=\"--m-a:left\">5.6 Verzet tegen het gebruik van cookies<\/h3>\n\n\n\n<h4 class=\"wp-block-heading\" style=\"--m-a:left\">5.6.1 Via de website<\/h4>\n\n\n\n<p style=\"--m-a:left\">U kunt cookies weigeren via de interface &#8220;Personaliseren&#8221; die beschikbaar is wanneer u voor het eerst inlogt.<\/p>\n\n\n\n<h4 class=\"wp-block-heading\" style=\"--m-a:left\">5.6.2 Browserinstellingen<\/h4>\n\n\n\n<p style=\"--m-a:left\">U kunt ook uw browser configureren om cookies uit te schakelen: Internet Explorer, Safari, Chrome, Firefox, Opera.<\/p>\n\n\n\n<h4 class=\"wp-block-heading\" style=\"--m-a:left\">5.6.3 Extensies \/ add-ons<\/h4>\n\n\n\n<p style=\"--m-a:left\">Met sommige modules kunt u cookies blokkeren of beperken (bijv. Ghostery, uBlock, enz.).<\/p>\n\n\n\n<h2 class=\"wp-block-heading\" style=\"--m-a:left\">6. Intellectuele eigendomsrechten<\/h2>\n\n\n\n<h3 class=\"wp-block-heading\" style=\"--m-a:left\">6.1 Wettelijke bescherming van inhoud<\/h3>\n\n\n\n<p style=\"--m-a:left\">De inhoud van de Site kan beschermd zijn door auteursrecht of databankrecht. Elke ongeoorloofde reproductie of verspreiding vormt een inbreuk die strafrechtelijk vervolgd kan worden. <\/p>\n\n\n\n<h3 class=\"wp-block-heading\" style=\"--m-a:left\">6.2 Contractuele bescherming<\/h3>\n\n\n\n<p style=\"--m-a:left\">De internetgebruiker verbindt zich ertoe de inhoud van de site niet te gebruiken voor andere doeleinden dan louter raadpleging, tenzij hij hiervoor uitdrukkelijk toestemming heeft gekregen. Dit verbod geldt niet voor indexeringsrobots. <\/p>\n\n\n\n<h2 class=\"wp-block-heading\" style=\"--m-a:left\">7. Definitieve bepalingen<\/h2>\n\n\n\n<h3 class=\"wp-block-heading\" style=\"--m-a:left\">7.1 Wijzigingen<\/h3>\n\n\n\n<p style=\"--m-a:left\">Dit beleid kan te allen tijde worden gewijzigd. De versie die van toepassing is, is de versie die geldt op het moment dat de internetgebruiker verbinding maakt. <\/p>\n\n\n\n<h3 class=\"wp-block-heading\" style=\"--m-a:left\">7.2 Heel<\/h3>\n\n\n\n<p style=\"--m-a:left\">Als een clausule ongeldig wordt geacht, blijven de andere clausules van kracht.<\/p>\n\n\n\n<h3 class=\"wp-block-heading\" style=\"--m-a:left\">7.3 Niet-ontheffing<\/h3>\n\n\n\n<p style=\"--m-a:left\">Het niet doen gelden van een recht betekent niet dat afstand wordt gedaan van dat recht.<\/p>\n\n\n\n<h3 class=\"wp-block-heading\" style=\"--m-a:left\">7.4 Talen<\/h3>\n\n\n\n<p style=\"--m-a:left\">Dit beleid is geschreven in het Frans.<\/p>\n\n\n\n<h3 class=\"wp-block-heading\" style=\"--m-a:left\">7.5 Oneerlijke voorwaarden<\/h3>\n\n\n\n<p style=\"--m-a:left\">De bepalingen hierin zijn van toepassing in overeenstemming met de Franse consumentenwetgeving.<\/p>\n\n\n\n<h2 class=\"wp-block-heading\" style=\"--m-a:left\">8. Geschillen<\/h2>\n\n\n\n<h3 class=\"wp-block-heading\" style=\"--m-a:left\">8.1 Toepasselijk recht<\/h3>\n\n\n\n<p style=\"--m-a:left\">Dit beleid valt onder de Franse wetgeving en de Europese RGPD-verordening.<\/p>\n\n\n\n<h3 class=\"wp-block-heading\" style=\"--m-a:left\">8.2 Arbitrage<\/h3>\n\n\n\n<p style=\"--m-a:left\">In geval van een geschil komen de partijen overeen een beroep te doen op arbitrage overeenkomstig de FastArbitre-regels van het Institut digital d&#8217;arbitrage et de m\u00e9diation.<\/p>\n<\/div>\n<\/div>\n<\/div>\n<\/div>\n","protected":false},"excerpt":{"rendered":"<p>Privacybeleid Preambule Dit vertrouwelijkheidsbeleid informeert u over de manier waarop Domaine de la Bergerie de informatie gebruikt en beschermt die u ons mogelijk doorgeeft wanneer u deze site gebruikt, die toegankelijk is via de volgende URL: https: \/\/www.domainelabergerie.com\/. Houd er rekening mee dat dit privacybeleid te allen tijde door Domaine de la Bergerie kan worden [&hellip;]<\/p>\n","protected":false},"author":1,"featured_media":0,"parent":0,"menu_order":0,"comment_status":"closed","ping_status":"closed","template":"","meta":{"_acf_changed":false,"_seopress_robots_primary_cat":"","_seopress_titles_title":"Privacybeleid | 5 sterren camping Domaine de la Bergerie","_seopress_titles_desc":"Raadpleeg het privacybeleid van 5-sterrencamping Domaine de la Bergerie en ontdek hoe uw gegevens worden beschermd.","_seopress_robots_index":"","distance":"{16 km}","elevation":"{400 D+}","footnotes":""},"class_list":["post-4100","page","type-page","status-publish","hentry"],"acf":[],"_links":{"self":[{"href":"https:\/\/www.domainelabergerie.com\/nl\/wp-json\/wp\/v2\/pages\/4100","targetHints":{"allow":["GET"]}}],"collection":[{"href":"https:\/\/www.domainelabergerie.com\/nl\/wp-json\/wp\/v2\/pages"}],"about":[{"href":"https:\/\/www.domainelabergerie.com\/nl\/wp-json\/wp\/v2\/types\/page"}],"author":[{"embeddable":true,"href":"https:\/\/www.domainelabergerie.com\/nl\/wp-json\/wp\/v2\/users\/1"}],"replies":[{"embeddable":true,"href":"https:\/\/www.domainelabergerie.com\/nl\/wp-json\/wp\/v2\/comments?post=4100"}],"version-history":[{"count":3,"href":"https:\/\/www.domainelabergerie.com\/nl\/wp-json\/wp\/v2\/pages\/4100\/revisions"}],"predecessor-version":[{"id":8122,"href":"https:\/\/www.domainelabergerie.com\/nl\/wp-json\/wp\/v2\/pages\/4100\/revisions\/8122"}],"wp:attachment":[{"href":"https:\/\/www.domainelabergerie.com\/nl\/wp-json\/wp\/v2\/media?parent=4100"}],"curies":[{"name":"wp","href":"https:\/\/api.w.org\/{rel}","templated":true}]}}