{"id":4115,"date":"2025-01-24T10:31:09","date_gmt":"2025-01-24T10:31:09","guid":{"rendered":"http:\/\/bergerie.plune.fr\/privacy-policy\/"},"modified":"2025-08-19T16:02:33","modified_gmt":"2025-08-19T16:02:33","slug":"privacy-policy","status":"publish","type":"page","link":"https:\/\/www.domainelabergerie.com\/en\/privacy-policy\/","title":{"rendered":"Privacy policy"},"content":{"rendered":"\n<div class=\"wp-block-group has-global-padding is-layout-constrained wp-block-group-is-layout-constrained\" style=\"margin-bottom:var(--wp--preset--spacing--xxl)\">\n\n\n\n\t<script type=\"text\/javascript\">\n\t\tvar swiperOptionsStudio_swiper_69f18059c7b19 = {\n  createElements: true,\n  slidesPerView: 1,\n  spaceBetween: 0,\n  navigation: { \n    enabled: false,\n  },\n  effect: \"fade\",\n  fadeEffect: {\n    crossFade: true,\n  },\n  pagination: {\n    enabled: false,\n  },\n  autoplay: {\n   delay: 5000,\n   disableOnInteraction: false,\n  },\n  loop: true,\nspeed: 1000\n};\n\t<\/script>\n\n\n\n\n<div id=\"swiper_69f18059c7b19\" class=\"swiper alignfull scale wp-block-plune-blocks-slider\" data-swiper=\"{&quot;autoplay&quot;:true,&quot;navigation&quot;:false,&quot;pagination&quot;:false,&quot;slidesPerView&quot;:2}\"data-module=\"default\">\n\t<div class=\"swiper-wrapper\">\n\t\t\n\n<div style=\"aspect-ratio:16\/9;min-height:unset;\" class=\"wp-block-cover aligncenter swiper-slide has-aspect-ratio\"><img alt=\"Camping 5 \u00e9toiles avec parc aquatique en M\u00e9diterran\u00e9e.\" decoding=\"async\" width=\"1847\" height=\"1212\" class=\"wp-block-cover__image-background wp-image-1316 size-full\" alt=\"\" src=\"https:\/\/www.domainelabergerie.com\/wp-content\/uploads\/2025\/03\/parc-aquatique-du-camping-5-etoiles-domaine-de-la-bergerie-en-mediterranee.webp\" data-object-fit=\"cover\" srcset=\"https:\/\/www.domainelabergerie.com\/wp-content\/uploads\/2025\/03\/parc-aquatique-du-camping-5-etoiles-domaine-de-la-bergerie-en-mediterranee.webp 1847w, https:\/\/www.domainelabergerie.com\/wp-content\/uploads\/2025\/03\/parc-aquatique-du-camping-5-etoiles-domaine-de-la-bergerie-en-mediterranee-300x197.webp 300w, https:\/\/www.domainelabergerie.com\/wp-content\/uploads\/2025\/03\/parc-aquatique-du-camping-5-etoiles-domaine-de-la-bergerie-en-mediterranee-1024x672.webp 1024w, https:\/\/www.domainelabergerie.com\/wp-content\/uploads\/2025\/03\/parc-aquatique-du-camping-5-etoiles-domaine-de-la-bergerie-en-mediterranee-768x504.webp 768w, https:\/\/www.domainelabergerie.com\/wp-content\/uploads\/2025\/03\/parc-aquatique-du-camping-5-etoiles-domaine-de-la-bergerie-en-mediterranee-1536x1008.webp 1536w\" sizes=\"(max-width: 1847px) 100vw, 1847px\" \/><span aria-hidden=\"true\" class=\"wp-block-cover__background has-black-background-color has-background-dim-20 has-background-dim\"><\/span><div class=\"wp-block-cover__inner-container has-global-padding is-layout-constrained wp-block-cover-is-layout-constrained\">\n<div class=\"wp-block-group alignwide has-global-padding is-layout-constrained wp-container-core-group-is-layout-eb740263 wp-block-group-is-layout-constrained\" style=\"padding-top:var(--wp--preset--spacing--xs);padding-right:var(--wp--preset--spacing--s);padding-bottom:var(--wp--preset--spacing--xs);padding-left:var(--wp--preset--spacing--s)\">\n<p class=\"has-text-align-center is-style-default has-white-color has-text-color has-link-color has-secondary-font-family has-xxl-font-size wp-elements-afc83b93fe9360181eb3148dab46fcb4\" style=\"--m-a:center\">Domaine de la Bergerie<\/p>\n\n\n\n<p class=\"has-text-align-center has-white-color has-text-color has-link-color has-secondary-font-family has-xl-font-size wp-elements-6be41144019b6f75f41d38b57b7b339f\" style=\"margin-top:0;margin-bottom:0;--m-a:center\"><em>Privacy policy<\/em><\/p>\n<\/div>\n<\/div><\/div>\n\n\n\n<div style=\"aspect-ratio:16\/9;min-height:unset;\" class=\"wp-block-cover aligncenter swiper-slide has-aspect-ratio\"><img alt=\"\" decoding=\"async\" width=\"1920\" height=\"1281\" class=\"wp-block-cover__image-background wp-image-1051 size-full\" alt=\"\" src=\"https:\/\/www.domainelabergerie.com\/wp-content\/uploads\/2025\/03\/Jas-du-Pebrier-Domaine-Bergerie-Villa-Var-4.webp\" data-object-fit=\"cover\" srcset=\"https:\/\/www.domainelabergerie.com\/wp-content\/uploads\/2025\/03\/Jas-du-Pebrier-Domaine-Bergerie-Villa-Var-4.webp 1920w, https:\/\/www.domainelabergerie.com\/wp-content\/uploads\/2025\/03\/Jas-du-Pebrier-Domaine-Bergerie-Villa-Var-4-300x200.webp 300w, https:\/\/www.domainelabergerie.com\/wp-content\/uploads\/2025\/03\/Jas-du-Pebrier-Domaine-Bergerie-Villa-Var-4-1024x683.webp 1024w, https:\/\/www.domainelabergerie.com\/wp-content\/uploads\/2025\/03\/Jas-du-Pebrier-Domaine-Bergerie-Villa-Var-4-768x512.webp 768w, https:\/\/www.domainelabergerie.com\/wp-content\/uploads\/2025\/03\/Jas-du-Pebrier-Domaine-Bergerie-Villa-Var-4-1536x1025.webp 1536w\" sizes=\"(max-width: 1920px) 100vw, 1920px\" \/><span aria-hidden=\"true\" class=\"wp-block-cover__background has-black-background-color has-background-dim-20 has-background-dim\"><\/span><div class=\"wp-block-cover__inner-container has-global-padding is-layout-constrained wp-block-cover-is-layout-constrained\">\n<div class=\"wp-block-group alignwide has-global-padding is-layout-constrained wp-container-core-group-is-layout-eb740263 wp-block-group-is-layout-constrained\" style=\"padding-top:var(--wp--preset--spacing--xs);padding-right:var(--wp--preset--spacing--s);padding-bottom:var(--wp--preset--spacing--xs);padding-left:var(--wp--preset--spacing--s)\">\n<p class=\"has-text-align-center is-style-default has-white-color has-text-color has-link-color has-secondary-font-family has-xxl-font-size wp-elements-afc83b93fe9360181eb3148dab46fcb4\" style=\"--m-a:center\">Domaine de la Bergerie<\/p>\n\n\n\n<p class=\"has-text-align-center has-white-color has-text-color has-link-color has-secondary-font-family has-xl-font-size wp-elements-6ede6da39aaec6cf54ca1d22157e74de\" style=\"margin-top:0;margin-bottom:0;--m-a:center\"><em><em><em><em><em>Privacy policy<\/em><\/em><\/em><\/em><\/em><\/p>\n<\/div>\n<\/div><\/div>\n\n\t<\/div>\n<\/div>\n\n\n<div class=\"wp-block-group alignfull has-global-padding is-content-justification-center is-layout-constrained wp-container-core-group-is-layout-bf18f6be wp-block-group-is-layout-constrained\" style=\"padding-right:var(--wp--preset--spacing--s);padding-left:var(--wp--preset--spacing--s)\">\n<h1 class=\"wp-block-heading has-text-align-center\" style=\"--m-a:center\">Privacy policy<\/h1>\n\n\n\n<div class=\"wp-block-columns alignwide is-layout-flex wp-container-core-columns-is-layout-5e05a7e3 wp-block-columns-is-layout-flex\">\n<div class=\"wp-block-column is-layout-flow wp-container-core-column-is-layout-51680102 wp-block-column-is-layout-flow\" style=\"padding-top:0;padding-bottom:var(--wp--preset--spacing--s)\">\n<h2 class=\"wp-block-heading\" style=\"--m-a:left\">Preamble<\/h2>\n\n\n\n<p style=\"--m-a:left\">This privacy policy tells you how Domaine de la Bergerie uses and protects any information you give us when you use this site, which can be accessed at the following URL: https: <a href=\"https:\/\/www.domainelabergerie.com\/\" data-type=\"link\" data-id=\"https:\/\/www.domainelabergerie.com\/\" target=\"_blank\" rel=\"noreferrer noopener\">\/\/www.domainelabergerie.com\/.<\/a><\/p>\n\n\n\n<p style=\"--m-a:left\">Please note that this privacy policy may be modified or supplemented at any time by Domaine de la Bergerie, in particular in order to comply with any legal or technological developments. In such a case, the date of the update will be clearly identified at the top of the present policy. These modifications are binding on the user as soon as they are posted online. The user should therefore regularly consult this privacy policy in order to take note of any changes.<\/p>\n\n\n\n<h2 class=\"wp-block-heading\" style=\"--m-a:left\">1. Parts<\/h2>\n\n\n\n<p style=\"--m-a:left\">This privacy policy is applicable between Domaine de la Bergerie, hereinafter &#8220;the publisher&#8221;, and any person connecting to the Site, hereinafter &#8220;the Internet user&#8221;.<\/p>\n\n\n\n<h2 class=\"wp-block-heading\" style=\"--m-a:left\">2. Definitions<\/h2>\n\n\n\n<p style=\"--m-a:left\">&#8220;<strong>Site Content&#8221;<\/strong>: elements of any kind published on the Site, whether or not protected by intellectual property rights, such as texts, images, designs, presentations, videos, diagrams, structures, databases or software.<\/p>\n\n\n\n<p style=\"--m-a:left\">&#8220;<strong>Internet user&#8221;<\/strong>: any person connecting to the Site.<\/p>\n\n\n\n<p style=\"--m-a:left\"><strong>&#8220;Site&#8221;<\/strong>: the website accessible at the URL <a href=\"https:\/\/www.domainelabergerie.com\/\" data-type=\"link\" data-id=\"https:\/\/www.domainelabergerie.com\/\" target=\"_blank\" rel=\"noreferrer noopener\">https:\/\/www.domainelabergerie.com\/,<\/a> as well as sub-sites, mirror sites, portals and URL variations thereof.<\/p>\n\n\n\n<h2 class=\"wp-block-heading\" style=\"--m-a:left\">3. Scope of application<\/h2>\n\n\n\n<p style=\"--m-a:left\">This privacy policy applies to all Internet users. Simply connecting to and\/or browsing the Site implies your full acceptance of the present policy. Clicking on &#8220;OK, accept all&#8221; in the cookie banner confirms this. <\/p>\n\n\n\n<p style=\"--m-a:left\">The Internet user acknowledges the value of the editor&#8217;s automatic recording systems as proof.<\/p>\n\n\n\n<p style=\"--m-a:left\">This acceptance assumes that the Internet user has the required legal capacity or adequate legal authorization.<\/p>\n\n\n\n<h2 class=\"wp-block-heading\" style=\"--m-a:left\">4. Personal data<\/h2>\n\n\n\n<p style=\"--m-a:left\">In general, you can visit the Site without voluntarily providing any personal data. However, some functions require the collection of personal data. <\/p>\n\n\n\n<h3 class=\"wp-block-heading\" style=\"--m-a:left\">4.1 Identity of the data controller<\/h3>\n\n\n\n<p style=\"--m-a:left\">The data controller is: Domaine de la Bergerie.<\/p>\n\n\n\n<h3 class=\"wp-block-heading\" style=\"--m-a:left\">4.2 Identity of the Data Protection Officer<\/h3>\n\n\n\n<p style=\"--m-a:left\">Domaine de la Bergerie.<\/p>\n\n\n\n<h3 class=\"wp-block-heading\" style=\"--m-a:left\">4.3 Data collection<\/h3>\n\n\n\n<h4 class=\"wp-block-heading\" style=\"--m-a:left\">4.3.1 Collected data<\/h4>\n\n\n\n<h5 class=\"wp-block-heading\" style=\"--m-a:left\">4.3.1.1 During navigation<\/h5>\n\n\n\n<p style=\"--m-a:left\">Information collected: IP address, device type, pages visited, timestamp, technical data, cookies, web beacons, etc.<\/p>\n\n\n\n<h5 class=\"wp-block-heading\" style=\"--m-a:left\">4.3.1.2 Contact form \/ Email<\/h5>\n\n\n\n<p style=\"--m-a:left\">Last name, first name, email, free message. This information is required for the editor to process your request. <\/p>\n\n\n\n<h5 class=\"wp-block-heading\" style=\"--m-a:left\">4.3.1.3 Newsletter<\/h5>\n\n\n\n<p style=\"--m-a:left\">Email address. Used only to send informative communications. <\/p>\n\n\n\n<h4 class=\"wp-block-heading\" style=\"--m-a:left\">4.3.2 Processing purposes<\/h4>\n\n\n\n<ul class=\"wp-block-list\">\n<li>Ensuring site safety<\/li>\n\n\n\n<li>Responding to your requests<\/li>\n\n\n\n<li>Send newsletter<\/li>\n\n\n\n<li>Statistics, user experience improvement<\/li>\n\n\n\n<li>Targeted advertising (if applicable)<\/li>\n<\/ul>\n\n\n\n<h4 class=\"wp-block-heading\" style=\"--m-a:left\">4.3.3 Legal basis<\/h4>\n\n\n\n<ul class=\"wp-block-list\">\n<li>Legitimate interest (security, analysis, response to requests)<\/li>\n\n\n\n<li>Consent (newsletter, cookies)<\/li>\n<\/ul>\n\n\n\n<h4 class=\"wp-block-heading\" style=\"--m-a:left\">4.3.4 Recipients<\/h4>\n\n\n\n<p style=\"--m-a:left\">Data is accessible only to the publisher and its authorized technical subcontractors.<\/p>\n\n\n\n<h4 class=\"wp-block-heading\" style=\"--m-a:left\">4.3.5 Shelf life<\/h4>\n\n\n\n<ul class=\"wp-block-list\">\n<li>Navigation: max. 12 months<\/li>\n\n\n\n<li>Form: duration of relationship + 12 months<\/li>\n\n\n\n<li>Newsletter: until you unsubscribe<\/li>\n<\/ul>\n\n\n\n<h4 class=\"wp-block-heading\" style=\"--m-a:left\">4.3.6 Security and confidentiality<\/h4>\n\n\n\n<p style=\"--m-a:left\">Data stored on secure servers, protected in accordance with current technical standards.<\/p>\n\n\n\n<h3 class=\"wp-block-heading\" style=\"--m-a:left\">4.4 Respecting rights<\/h3>\n\n\n\n<h4 class=\"wp-block-heading\" style=\"--m-a:left\">4.4.1 Right of access \/ information<\/h4>\n\n\n\n<p style=\"--m-a:left\">You can obtain a copy of your personal data upon presentation of proof of identity.<\/p>\n\n\n\n<h4 class=\"wp-block-heading\" style=\"--m-a:left\">4.4.2 Right of rectification\/deletion<\/h4>\n\n\n\n<p style=\"--m-a:left\">You can correct or request the deletion of your data.<\/p>\n\n\n\n<h4 class=\"wp-block-heading\" style=\"--m-a:left\">4.4.3 Right to object<\/h4>\n\n\n\n<p style=\"--m-a:left\">You may object to certain processing operations (unless required by law or contract).<\/p>\n\n\n\n<h4 class=\"wp-block-heading\" style=\"--m-a:left\">4.4.4 Right to portability<\/h4>\n\n\n\n<p style=\"--m-a:left\">You can request a copy of your data in machine-readable format.<\/p>\n\n\n\n<h4 class=\"wp-block-heading\" style=\"--m-a:left\">4.4.5 Right to limitation<\/h4>\n\n\n\n<p style=\"--m-a:left\">You can request a temporary treatment freeze.<\/p>\n\n\n\n<h4 class=\"wp-block-heading\" style=\"--m-a:left\">4.4.6 Response times<\/h4>\n\n\n\n<p style=\"--m-a:left\">Within 30 days of receipt of your complete application.<\/p>\n\n\n\n<h4 class=\"wp-block-heading\" style=\"--m-a:left\">4.4.7 Complaint to the CNIL<\/h4>\n\n\n\n<p style=\"--m-a:left\">You can lodge a complaint with the CNIL: <a href=\"https:\/\/www.cnil.fr\/fr\" data-type=\"link\" data-id=\"https:\/\/www.cnil.fr\/fr\" target=\"_blank\" rel=\"noreferrer noopener nofollow\">www.cnil.fr<\/a><\/p>\n<\/div>\n\n\n\n<div class=\"wp-block-column is-layout-flow wp-container-core-column-is-layout-a30485f8 wp-block-column-is-layout-flow\" style=\"padding-bottom:var(--wp--preset--spacing--s)\">\n<h3 class=\"wp-block-heading\" style=\"--m-a:left\">4.5 Transfer of collected data<\/h3>\n\n\n\n<h3 class=\"wp-block-heading\" style=\"--m-a:left\">4.5.1 Transfer to partners<\/h3>\n\n\n\n<p style=\"--m-a:left\">The Internet user consents to the data collected being transmitted by the &#8220;publisher&#8221; to its partners and being processed by these partners in the context of third-party services, namely :<\/p>\n\n\n\n<figure class=\"wp-block-table\"><table class=\"has-fixed-layout\"><thead><tr><th>Partner<\/th><th>Quality<\/th><th>Destination country<\/th><th>Treatment performed<\/th><th>Privacy policy<\/th><\/tr><\/thead><tbody><tr><td>Google Analytics<\/td><td>Subcontractor<\/td><td>USA (Privacy Shield)<\/td><td>Development of business statistics to generate reports on Internet users&#8217; interactions.<\/td><td><a href=\"https:\/\/policies.google.com\/privacy\" target=\"_blank\" rel=\"noreferrer noopener nofollow\">https:\/\/policies.google.com\/privacy<\/a><\/td><\/tr><tr><td>Google Maps<\/td><td>Subcontractor<\/td><td>USA (Privacy Shield)<\/td><td>Interactive map service and geolocation.<\/td><td><a href=\"https:\/\/policies.google.com\/privacy\" target=\"_blank\" rel=\"noreferrer noopener nofollow\">https:\/\/policies.google.com\/privacy<\/a><\/td><\/tr><tr><td>YouTube<\/td><td>Subcontractor<\/td><td>USA (Privacy Shield)<\/td><td>Video streaming service.<\/td><td><a href=\"https:\/\/policies.google.com\/privacy\" target=\"_blank\" rel=\"noreferrer noopener nofollow\">https:\/\/policies.google.com\/privacy<\/a><\/td><\/tr><\/tbody><\/table><\/figure>\n\n\n\n<h4 class=\"wp-block-heading\" style=\"--m-a:left\">4.5.2 Legal requisitions<\/h4>\n\n\n\n<p style=\"--m-a:left\">Data may be forwarded to the competent authorities upon judicial decision.<\/p>\n\n\n\n<h4 class=\"wp-block-heading\" style=\"--m-a:left\">4.5.3 Merger or acquisition<\/h4>\n\n\n\n<p style=\"--m-a:left\">In the event of a takeover or merger, data may be transferred to the new site operator.<\/p>\n\n\n\n<h2 class=\"wp-block-heading\" style=\"--m-a:left\">5. Cookies policy<\/h2>\n\n\n\n<h3 class=\"wp-block-heading\" style=\"--m-a:left\">5.1 Use of tracers \/ cookies<\/h3>\n\n\n\n<p style=\"--m-a:left\">When you log on for the first time, an information banner warns you that cookies may be placed on your device. These cookies ensure that your browsing experience is smooth and optimal. <\/p>\n\n\n\n<h3 class=\"wp-block-heading\" style=\"--m-a:left\">5.2 Tracking purposes<\/h3>\n\n\n\n<p style=\"--m-a:left\">They are used to analyze site traffic, personalize the experience, display appropriate advertising and facilitate sharing on social networks.<\/p>\n\n\n\n<h3 class=\"wp-block-heading\" style=\"--m-a:left\">5.3 Tracers used<\/h3>\n\n\n\n<figure class=\"wp-block-table\"><table class=\"has-fixed-layout\"><thead><tr><th>Partner<\/th><th>Purpose of processing<\/th><th>Partner conditions<\/th><\/tr><\/thead><tbody><tr><td>Google Analytics<\/td><td>Compilation of sales statistics.<\/td><td><a href=\"https:\/\/policies.google.com\/technologies\/types\" target=\"_blank\" rel=\"noreferrer noopener nofollow\">https:\/\/policies.google.com\/technologies\/types<\/a><\/td><\/tr><tr><td>Google Maps<\/td><td>Interactive map service and geolocation.<\/td><td><a href=\"https:\/\/policies.google.com\/technologies\/types\" target=\"_blank\" rel=\"noreferrer noopener nofollow\">https:\/\/policies.google.com\/technologies\/types<\/a><\/td><\/tr><tr><td>YouTube<\/td><td>Video streaming service.<\/td><td><a href=\"https:\/\/policies.google.com\/technologies\/types\" target=\"_blank\" rel=\"noreferrer noopener nofollow\">https:\/\/policies.google.com\/technologies\/types<\/a><\/td><\/tr><\/tbody><\/table><\/figure>\n\n\n\n<h3 class=\"wp-block-heading\" style=\"--m-a:left\">5.4 Preferences setup<\/h3>\n\n\n\n<p style=\"--m-a:left\">You can manage cookies at any time via the home page or your browser settings.<\/p>\n\n\n\n<h4 class=\"wp-block-heading\" style=\"--m-a:left\">5.4.1 Cookies exempt from consent<\/h4>\n\n\n\n<p style=\"--m-a:left\">These cookies are necessary for the proper operation of the site (session, security, personalization, etc.).<\/p>\n\n\n\n<h4 class=\"wp-block-heading\" style=\"--m-a:left\">5.4.2 Cookies requiring consent<\/h4>\n\n\n\n<p style=\"--m-a:left\">Audience measurement, advertising and social networking cookies are subject to prior consent.<\/p>\n\n\n\n<h3 class=\"wp-block-heading\" style=\"--m-a:left\">5.5 Cookie retention period<\/h3>\n\n\n\n<p style=\"--m-a:left\">Tracers are kept for a maximum of 13 months.<\/p>\n\n\n\n<h3 class=\"wp-block-heading\" style=\"--m-a:left\">5.6 Opposition to the use of cookies<\/h3>\n\n\n\n<h4 class=\"wp-block-heading\" style=\"--m-a:left\">5.6.1 Via the site<\/h4>\n\n\n\n<p style=\"--m-a:left\">You can refuse cookies via the &#8220;Personalize&#8221; interface available on first login.<\/p>\n\n\n\n<h4 class=\"wp-block-heading\" style=\"--m-a:left\">5.6.2 Browser settings<\/h4>\n\n\n\n<p style=\"--m-a:left\">You can also configure your browser to disable cookies: Internet Explorer, Safari, Chrome, Firefox, Opera.<\/p>\n\n\n\n<h4 class=\"wp-block-heading\" style=\"--m-a:left\">5.6.3 Extensions \/ add-ons<\/h4>\n\n\n\n<p style=\"--m-a:left\">Some modules allow you to block or restrict cookies (e.g. Ghostery, uBlock&#8230;).<\/p>\n\n\n\n<h2 class=\"wp-block-heading\" style=\"--m-a:left\">6. Intellectual property<\/h2>\n\n\n\n<h3 class=\"wp-block-heading\" style=\"--m-a:left\">6.1 Legal protection of content<\/h3>\n\n\n\n<p style=\"--m-a:left\">The contents of the Site may be protected by copyright or database right. Any unauthorized reproduction or distribution constitutes an infringement liable to prosecution. <\/p>\n\n\n\n<h3 class=\"wp-block-heading\" style=\"--m-a:left\">6.2 Contractual protection<\/h3>\n\n\n\n<p style=\"--m-a:left\">The Internet user undertakes not to use the contents of the Site for any purpose other than simple consultation, unless expressly authorized to do so. This prohibition does not apply to indexing robots. <\/p>\n\n\n\n<h2 class=\"wp-block-heading\" style=\"--m-a:left\">7. Final stipulations<\/h2>\n\n\n\n<h3 class=\"wp-block-heading\" style=\"--m-a:left\">7.1 Modifications<\/h3>\n\n\n\n<p style=\"--m-a:left\">This policy may be modified at any time. The applicable version is that in force at the time of the Internet user&#8217;s connection. <\/p>\n\n\n\n<h3 class=\"wp-block-heading\" style=\"--m-a:left\">7.2 Entirety<\/h3>\n\n\n\n<p style=\"--m-a:left\">If a clause is deemed invalid, the other clauses remain in force.<\/p>\n\n\n\n<h3 class=\"wp-block-heading\" style=\"--m-a:left\">7.3 Non-waiver<\/h3>\n\n\n\n<p style=\"--m-a:left\">Failure to assert a right does not constitute a waiver of that right.<\/p>\n\n\n\n<h3 class=\"wp-block-heading\" style=\"--m-a:left\">7.4 Languages<\/h3>\n\n\n\n<p style=\"--m-a:left\">This policy is written in French.<\/p>\n\n\n\n<h3 class=\"wp-block-heading\" style=\"--m-a:left\">7.5 Unfair terms<\/h3>\n\n\n\n<p style=\"--m-a:left\">The provisions hereof apply in compliance with the French Consumer Code.<\/p>\n\n\n\n<h2 class=\"wp-block-heading\" style=\"--m-a:left\">8. Disputes<\/h2>\n\n\n\n<h3 class=\"wp-block-heading\" style=\"--m-a:left\">8.1 Applicable law<\/h3>\n\n\n\n<p style=\"--m-a:left\">This policy is governed by French law and the European regulation RGPD.<\/p>\n\n\n\n<h3 class=\"wp-block-heading\" style=\"--m-a:left\">8.2 Arbitration<\/h3>\n\n\n\n<p style=\"--m-a:left\">In the event of a dispute, the parties agree to arbitrate in accordance with the FastArbitre rules of the Institut digital d&#8217;arbitrage et de m\u00e9diation.<\/p>\n<\/div>\n<\/div>\n<\/div>\n<\/div>\n","protected":false},"excerpt":{"rendered":"<p>Privacy policy Preamble This privacy policy tells you how Domaine de la Bergerie uses and protects any information you give us when you use this site, which can be accessed at the following URL: https: \/\/www.domainelabergerie.com\/. Please note that this privacy policy may be modified or supplemented at any time by Domaine de la Bergerie, [&hellip;]<\/p>\n","protected":false},"author":1,"featured_media":0,"parent":0,"menu_order":0,"comment_status":"closed","ping_status":"closed","template":"","meta":{"_acf_changed":false,"_seopress_robots_primary_cat":"","_seopress_titles_title":"Privacy policy | 5 star campsite Domaine de la Bergerie","_seopress_titles_desc":"Consult the privacy policy of the 5-star campsite Domaine de la Bergerie and find out how your data is protected.","_seopress_robots_index":"","distance":"{16 km}","elevation":"{400 D+}","footnotes":""},"class_list":["post-4115","page","type-page","status-publish","hentry"],"acf":[],"_links":{"self":[{"href":"https:\/\/www.domainelabergerie.com\/en\/wp-json\/wp\/v2\/pages\/4115","targetHints":{"allow":["GET"]}}],"collection":[{"href":"https:\/\/www.domainelabergerie.com\/en\/wp-json\/wp\/v2\/pages"}],"about":[{"href":"https:\/\/www.domainelabergerie.com\/en\/wp-json\/wp\/v2\/types\/page"}],"author":[{"embeddable":true,"href":"https:\/\/www.domainelabergerie.com\/en\/wp-json\/wp\/v2\/users\/1"}],"replies":[{"embeddable":true,"href":"https:\/\/www.domainelabergerie.com\/en\/wp-json\/wp\/v2\/comments?post=4115"}],"version-history":[{"count":4,"href":"https:\/\/www.domainelabergerie.com\/en\/wp-json\/wp\/v2\/pages\/4115\/revisions"}],"predecessor-version":[{"id":8121,"href":"https:\/\/www.domainelabergerie.com\/en\/wp-json\/wp\/v2\/pages\/4115\/revisions\/8121"}],"wp:attachment":[{"href":"https:\/\/www.domainelabergerie.com\/en\/wp-json\/wp\/v2\/media?parent=4115"}],"curies":[{"name":"wp","href":"https:\/\/api.w.org\/{rel}","templated":true}]}}