{"id":7940,"date":"2025-08-05T15:05:08","date_gmt":"2025-08-05T15:05:08","guid":{"rendered":"http:\/\/bergerie.plune.fr\/rechtliche-hinweise\/"},"modified":"2025-08-19T18:39:26","modified_gmt":"2025-08-19T18:39:26","slug":"rechtliche-hinweise","status":"publish","type":"page","link":"https:\/\/www.domainelabergerie.com\/de\/rechtliche-hinweise\/","title":{"rendered":"Rechtliche Hinweise"},"content":{"rendered":"\n<div class=\"wp-block-group has-global-padding is-layout-constrained wp-block-group-is-layout-constrained\" style=\"margin-bottom:var(--wp--preset--spacing--xxl)\">\n\n\n\n\t<script type=\"text\/javascript\">\n\t\tvar swiperOptionsStudio_swiper_69f18d7bd722e = {\n  createElements: true,\n  slidesPerView: 1,\n  spaceBetween: 0,\n  navigation: { \n    enabled: false,\n  },\n  effect: \"fade\",\n  fadeEffect: {\n    crossFade: true,\n  },\n  pagination: {\n    enabled: false,\n  },\n  autoplay: {\n   delay: 5000,\n   disableOnInteraction: false,\n  },\n  loop: true,\nspeed: 1000\n};\n\t<\/script>\n\n\n\n\n<div id=\"swiper_69f18d7bd722e\" class=\"swiper alignfull scale wp-block-plune-blocks-slider\" data-swiper=\"{&quot;autoplay&quot;:true,&quot;navigation&quot;:false,&quot;pagination&quot;:false,&quot;slidesPerView&quot;:2}\"data-module=\"default\">\n\t<div class=\"swiper-wrapper\">\n\t\t\n\n<div style=\"aspect-ratio:16\/9;min-height:unset;\" class=\"wp-block-cover aligncenter swiper-slide has-aspect-ratio\"><img alt=\"Camping 5 \u00e9toiles avec parc aquatique en M\u00e9diterran\u00e9e.\" decoding=\"async\" width=\"1847\" height=\"1212\" class=\"wp-block-cover__image-background wp-image-1316 size-full\" alt=\"\" src=\"https:\/\/www.domainelabergerie.com\/wp-content\/uploads\/2025\/03\/parc-aquatique-du-camping-5-etoiles-domaine-de-la-bergerie-en-mediterranee.webp\" data-object-fit=\"cover\" srcset=\"https:\/\/www.domainelabergerie.com\/wp-content\/uploads\/2025\/03\/parc-aquatique-du-camping-5-etoiles-domaine-de-la-bergerie-en-mediterranee.webp 1847w, https:\/\/www.domainelabergerie.com\/wp-content\/uploads\/2025\/03\/parc-aquatique-du-camping-5-etoiles-domaine-de-la-bergerie-en-mediterranee-300x197.webp 300w, https:\/\/www.domainelabergerie.com\/wp-content\/uploads\/2025\/03\/parc-aquatique-du-camping-5-etoiles-domaine-de-la-bergerie-en-mediterranee-1024x672.webp 1024w, https:\/\/www.domainelabergerie.com\/wp-content\/uploads\/2025\/03\/parc-aquatique-du-camping-5-etoiles-domaine-de-la-bergerie-en-mediterranee-768x504.webp 768w, https:\/\/www.domainelabergerie.com\/wp-content\/uploads\/2025\/03\/parc-aquatique-du-camping-5-etoiles-domaine-de-la-bergerie-en-mediterranee-1536x1008.webp 1536w\" sizes=\"(max-width: 1847px) 100vw, 1847px\" \/><span aria-hidden=\"true\" class=\"wp-block-cover__background has-black-background-color has-background-dim-20 has-background-dim\"><\/span><div class=\"wp-block-cover__inner-container has-global-padding is-layout-constrained wp-block-cover-is-layout-constrained\">\n<div class=\"wp-block-group alignwide has-global-padding is-layout-constrained wp-container-core-group-is-layout-eb740263 wp-block-group-is-layout-constrained\" style=\"padding-top:var(--wp--preset--spacing--xs);padding-right:var(--wp--preset--spacing--s);padding-bottom:var(--wp--preset--spacing--xs);padding-left:var(--wp--preset--spacing--s)\">\n<p class=\"has-text-align-center is-style-default has-white-color has-text-color has-link-color has-secondary-font-family has-xxl-font-size wp-elements-afc83b93fe9360181eb3148dab46fcb4\" style=\"--m-a:center\">Domaine de la Bergerie<\/p>\n\n\n\n<p class=\"has-text-align-center has-white-color has-text-color has-link-color has-secondary-font-family has-xl-font-size wp-elements-e33b59d083237020ce159405572d6725\" style=\"margin-top:0;margin-bottom:0;--m-a:center\"><em>Rechtliche Hinweise<\/em><\/p>\n<\/div>\n<\/div><\/div>\n\n\n\n<div style=\"aspect-ratio:16\/9;min-height:unset;\" class=\"wp-block-cover aligncenter swiper-slide has-aspect-ratio\"><img alt=\"\" decoding=\"async\" width=\"1920\" height=\"1281\" class=\"wp-block-cover__image-background wp-image-1051 size-full\" alt=\"\" src=\"https:\/\/www.domainelabergerie.com\/wp-content\/uploads\/2025\/03\/Jas-du-Pebrier-Domaine-Bergerie-Villa-Var-4.webp\" data-object-fit=\"cover\" srcset=\"https:\/\/www.domainelabergerie.com\/wp-content\/uploads\/2025\/03\/Jas-du-Pebrier-Domaine-Bergerie-Villa-Var-4.webp 1920w, https:\/\/www.domainelabergerie.com\/wp-content\/uploads\/2025\/03\/Jas-du-Pebrier-Domaine-Bergerie-Villa-Var-4-300x200.webp 300w, https:\/\/www.domainelabergerie.com\/wp-content\/uploads\/2025\/03\/Jas-du-Pebrier-Domaine-Bergerie-Villa-Var-4-1024x683.webp 1024w, https:\/\/www.domainelabergerie.com\/wp-content\/uploads\/2025\/03\/Jas-du-Pebrier-Domaine-Bergerie-Villa-Var-4-768x512.webp 768w, https:\/\/www.domainelabergerie.com\/wp-content\/uploads\/2025\/03\/Jas-du-Pebrier-Domaine-Bergerie-Villa-Var-4-1536x1025.webp 1536w\" sizes=\"(max-width: 1920px) 100vw, 1920px\" \/><span aria-hidden=\"true\" class=\"wp-block-cover__background has-black-background-color has-background-dim-20 has-background-dim\"><\/span><div class=\"wp-block-cover__inner-container has-global-padding is-layout-constrained wp-block-cover-is-layout-constrained\">\n<div class=\"wp-block-group alignwide has-global-padding is-layout-constrained wp-container-core-group-is-layout-eb740263 wp-block-group-is-layout-constrained\" style=\"padding-top:var(--wp--preset--spacing--xs);padding-right:var(--wp--preset--spacing--s);padding-bottom:var(--wp--preset--spacing--xs);padding-left:var(--wp--preset--spacing--s)\">\n<p class=\"has-text-align-center is-style-default has-white-color has-text-color has-link-color has-secondary-font-family has-xxl-font-size wp-elements-afc83b93fe9360181eb3148dab46fcb4\" style=\"--m-a:center\">Domaine de la Bergerie<\/p>\n\n\n\n<p class=\"has-text-align-center has-white-color has-text-color has-link-color has-secondary-font-family has-xl-font-size wp-elements-17cef0a933a96851c0e9e3012ab36d1e\" style=\"margin-top:0;margin-bottom:0;--m-a:center\"><em><em><em><em>Rechtliche Hinweise<\/em><\/em><\/em><\/em><\/p>\n<\/div>\n<\/div><\/div>\n\n\t<\/div>\n<\/div><\/div>\n\n\n\n<div class=\"wp-block-group has-global-padding is-layout-constrained wp-container-core-group-is-layout-7db9d80f wp-block-group-is-layout-constrained\" style=\"padding-right:0;padding-left:0;--maxWidth:578px\">\n<div class=\"wp-block-group alignfull anim_element_top has-global-padding is-content-justification-center is-layout-constrained wp-container-core-group-is-layout-6e9eaa6d wp-block-group-is-layout-constrained\" style=\"padding-top:var(--wp--preset--spacing--s);padding-right:var(--wp--preset--spacing--s);padding-bottom:var(--wp--preset--spacing--s);padding-left:var(--wp--preset--spacing--s)\">\n<h1 class=\"wp-block-heading has-text-align-center has-xxl-font-size\" style=\"--m-a:center\">Rechtliche Hinweise<\/h1>\n<\/div>\n\n\n\n<div class=\"wp-block-group alignfull has-global-padding is-content-justification-center is-layout-constrained wp-container-core-group-is-layout-bf18f6be wp-block-group-is-layout-constrained\" style=\"padding-right:var(--wp--preset--spacing--s);padding-left:var(--wp--preset--spacing--s)\">\n<div class=\"wp-block-columns alignwide is-layout-flex wp-container-core-columns-is-layout-5e05a7e3 wp-block-columns-is-layout-flex\">\n<div class=\"wp-block-column is-layout-flow wp-container-core-column-is-layout-51680102 wp-block-column-is-layout-flow\" style=\"padding-top:0;padding-bottom:var(--wp--preset--spacing--s)\">\n<h2 class=\"wp-block-heading has-xl-font-size\" style=\"--m-a:left\">Herausgeber der Website<\/h2>\n\n\n\n<p style=\"--m-a:left\"><strong>Domaine de la Bergerie<\/strong><br>Vall\u00e9e Du Fournel - 1960 Route D\u00e9partementale 8 - Quartier Du Fournel<br>83520 ROQUEBRUNE SUR ARGENS<\/p>\n\n\n\n<p style=\"--m-a:left\">Tel.: <a href=\"tel:330498114545\">+33 (0)4 98 11 45 45<\/a><br>Email: <a href=\"mailto:info@domainelabergerie.com\">info@domainelabergerie.com<\/a> <\/p>\n\n\n\n<p style=\"--m-a:left\">Kapital: 646.000,00 \u20ac<br>MwSt.: FR03315654681<br>Siret: 31565468100016<br>R.C.S: FREJUS B 315 654 681<br>NAF-Code: 5530Z<\/p>\n\n\n\n<p style=\"--m-a:left\"><strong>Verantwortlich f\u00fcr die Ver\u00f6ffentlichung:<\/strong><br>Domaine de la Bergerie<\/p>\n\n\n\n<h2 class=\"wp-block-heading has-xl-font-size\" style=\"--m-a:left\">Kredite<\/h2>\n\n\n\n<p style=\"--m-a:left\"><strong>Fotos:<\/strong><br><a href=\"https:\/\/www.shutterstock.com\/fr\/\" data-type=\"link\" data-id=\"https:\/\/www.shutterstock.com\/fr\/\" target=\"_blank\" rel=\"noreferrer noopener nofollow\">www.shutterstock.com<\/a><br><a href=\"https:\/\/stock.adobe.com\/fr\" data-type=\"link\" data-id=\"https:\/\/stock.adobe.com\/fr\" target=\"_blank\" rel=\"noreferrer noopener nofollow\">www.stock.adobe.com<\/a><br><a href=\"https:\/\/www.horizon-marketing.com\" target=\"_blank\" rel=\"noreferrer noopener\">www.horizon-marketing.com<\/a><br><a href=\"https:\/\/www.domainelabergerie.com\/\" data-type=\"link\" data-id=\"https:\/\/www.domainelabergerie.com\/\" target=\"_blank\" rel=\"noreferrer noopener\">www.domainelabergerie.com<\/a><\/p>\n\n\n\n<p style=\"--m-a:left\"><strong>Realisierung:<\/strong><br>Horizon Marketing<br>32, all\u00e9e S\u00e9bastien Vauban - 83600 FREJUS<br>T\u00e9l. : 04 94 67 06 00<br><a href=\"https:\/\/www.horizon-marketing.com\" target=\"_blank\" rel=\"noreferrer noopener\">https:\/\/www.horizon-marketing.com<\/a><\/p>\n\n\n\n<p style=\"--m-a:left\"><strong>Hosting:<\/strong><br>Infomaniak<br>Rue Eug\u00e8ne-Marziano 25, 1227 Genf, <a href=\"https:\/\/www.infomaniak.com\/\" target=\"_blank\" rel=\"noreferrer noopener\">Schweiz<\/a><br><a href=\"https:\/\/www.infomaniak.com\/fr\" data-type=\"link\" data-id=\"https:\/\/www.infomaniak.com\/fr\" target=\"_blank\" rel=\"noreferrer noopener nofollow\">www.infomaniak.com<\/a><\/p>\n<\/div>\n\n\n\n<div class=\"wp-block-column is-layout-flow wp-container-core-column-is-layout-a30485f8 wp-block-column-is-layout-flow\" style=\"padding-bottom:var(--wp--preset--spacing--s)\">\n<h2 class=\"wp-block-heading has-xl-font-size\" style=\"--m-a:left\">Mediation<\/h2>\n\n\n\n<p style=\"--m-a:left\"><strong>Ombudsmann:<\/strong><br>MEDIATION SOLUTION<br>222 chemin de la Bergerie<br>01800 ST JEAN DE NIOST<br><a href=\"https:\/\/www.sasmediationsolution-conso.fr\" target=\"_blank\" rel=\"noreferrer noopener nofollow\">https:\/\/www.sasmediationsolution-conso.fr<\/a><\/p>\n\n\n\n<p style=\"--m-a:left\"><strong>Europ\u00e4ische Plattform zur Online-Beilegung von Verbraucherrechtsstreitigkeiten:<\/strong><br><a href=\"https:\/\/ec.europa.eu\/consumers\/odr\/main\/index.cfm?event=main.home2.show&amp;lng=FR\" target=\"_blank\" rel=\"noreferrer noopener nofollow\">https:\/\/ec.europa.eu\/consumers\/odr\/main\/index.cfm?event=main.home2.show&amp;lng=FR<\/a><\/p>\n\n\n\n<h2 class=\"wp-block-heading has-xl-font-size\" style=\"--m-a:left\">Sicherheit<\/h2>\n\n\n\n<p style=\"--m-a:left\">Alle notwendigen Sicherheitsma\u00dfnahmen werden vom Hosting-Anbieter gew\u00e4hrleistet.<\/p>\n\n\n\n<h2 class=\"wp-block-heading has-xl-font-size\" style=\"--m-a:left\">Urheberrechte<\/h2>\n\n\n\n<p style=\"--m-a:left\"><strong>Hypertext-Links:<\/strong><br>Hypertext-Links, die im Rahmen dieser Website zu anderen Ressourcen im Internet und insbesondere zu seinen Partnern eingerichtet wurden, wurden vorher ausdr\u00fccklich und schriftlich vom Herausgeber genehmigt.<\/p>\n\n\n\n<p style=\"--m-a:left\">Copyright \u00a9 2025 Horizon Marketing.<\/p>\n<\/div>\n<\/div>\n<\/div>\n<\/div>\n","protected":false},"excerpt":{"rendered":"<p>Rechtliche Hinweise Herausgeber der Website Domaine de la BergerieVall\u00e9e Du Fournel - 1960 Route D\u00e9partementale 8 - Quartier Du Fournel83520 ROQUEBRUNE SUR ARGENS Tel.: +33 (0)4 98 11 45 45Email: info@domainelabergerie.com Kapital: 646.000,00 \u20acMwSt.: FR03315654681Siret: 31565468100016R.C.S: FREJUS B 315 654 681NAF-Code: 5530Z Verantwortlich f\u00fcr die Ver\u00f6ffentlichung:Domaine de la Bergerie Kredite Fotos:www.shutterstock.comwww.stock.adobe.comwww.horizon-marketing.comwww.domainelabergerie.com Realisierung:Horizon Marketing32, all\u00e9e S\u00e9bastien [&hellip;]<\/p>\n","protected":false},"author":1,"featured_media":0,"parent":0,"menu_order":0,"comment_status":"closed","ping_status":"closed","template":"","meta":{"_acf_changed":false,"_seopress_robots_primary_cat":"","_seopress_titles_title":"Rechtliche Hinweise | 5-Sterne-Campingplatz Domaine de la Bergerie","_seopress_titles_desc":"Rechtliche Hinweise zum 5-Sterne-Campingplatz Domaine de la Bergerie in Roquebrune-sur-Argens im Departement Var (83).","_seopress_robots_index":"","distance":"{16 km}","elevation":"{400 D+}","footnotes":""},"class_list":["post-7940","page","type-page","status-publish","hentry"],"acf":[],"_links":{"self":[{"href":"https:\/\/www.domainelabergerie.com\/de\/wp-json\/wp\/v2\/pages\/7940","targetHints":{"allow":["GET"]}}],"collection":[{"href":"https:\/\/www.domainelabergerie.com\/de\/wp-json\/wp\/v2\/pages"}],"about":[{"href":"https:\/\/www.domainelabergerie.com\/de\/wp-json\/wp\/v2\/types\/page"}],"author":[{"embeddable":true,"href":"https:\/\/www.domainelabergerie.com\/de\/wp-json\/wp\/v2\/users\/1"}],"replies":[{"embeddable":true,"href":"https:\/\/www.domainelabergerie.com\/de\/wp-json\/wp\/v2\/comments?post=7940"}],"version-history":[{"count":6,"href":"https:\/\/www.domainelabergerie.com\/de\/wp-json\/wp\/v2\/pages\/7940\/revisions"}],"predecessor-version":[{"id":8135,"href":"https:\/\/www.domainelabergerie.com\/de\/wp-json\/wp\/v2\/pages\/7940\/revisions\/8135"}],"wp:attachment":[{"href":"https:\/\/www.domainelabergerie.com\/de\/wp-json\/wp\/v2\/media?parent=7940"}],"curies":[{"name":"wp","href":"https:\/\/api.w.org\/{rel}","templated":true}]}}